{"id":3165,"date":"2023-09-19T14:26:02","date_gmt":"2023-09-19T12:26:02","guid":{"rendered":"https:\/\/skymove.sk\/messsystem-gs-130x-dji-matrice-350\/"},"modified":"2024-09-23T01:25:35","modified_gmt":"2024-09-22T23:25:35","slug":"meraci-system-gs-130x-dji-matrice-350","status":"publish","type":"page","link":"https:\/\/skymove.sk\/de\/meraci-system-gs-130x-dji-matrice-350\/","title":{"rendered":"Messsystem GS-130X + DJI Matrice 350"},"content":{"rendered":"\n<div class=\"wp-block-group has-global-padding is-layout-constrained wp-container-core-group-is-layout-2a334cce wp-block-group-is-layout-constrained\" style=\"padding-top:var(--wp--preset--spacing--20);padding-bottom:var(--wp--preset--spacing--20)\">\n<div class=\"wp-block-group is-content-justification-space-between is-nowrap is-layout-flex wp-container-core-group-is-layout-cb46ffcb wp-block-group-is-layout-flex\">\n<h5 class=\"wp-block-heading\">Komplette Einrichtung f\u00fcr die sofortige Messung von Lidar-Daten<\/h5>\n<\/div>\n\n\n\n<div class=\"wp-block-columns is-layout-flex wp-container-core-columns-is-layout-ea69a204 wp-block-columns-is-layout-flex\">\n<div class=\"wp-block-column has-global-padding is-layout-constrained wp-block-column-is-layout-constrained\">\n<figure data-wp-context=\"{&quot;imageId&quot;:&quot;69ecee9e3f4e6&quot;}\" data-wp-interactive=\"core\/image\" data-wp-key=\"69ecee9e3f4e6\" class=\"wp-block-image size-large is-style-thumbnail wp-lightbox-container\"><img decoding=\"async\" data-wp-class--hide=\"state.isContentHidden\" data-wp-class--show=\"state.isContentVisible\" data-wp-init=\"callbacks.setButtonStyles\" data-wp-on--click=\"actions.showLightbox\" data-wp-on--load=\"callbacks.setButtonStyles\" data-wp-on-window--resize=\"callbacks.setButtonStyles\" src=\"https:\/\/skymove.sk\/wp-content\/uploads\/2023\/10\/P3590947-scaled.jpg\" alt=\"\" style=\"aspect-ratio:3\/2;object-fit:cover\"\/><button\n\t\t\tclass=\"lightbox-trigger\"\n\t\t\ttype=\"button\"\n\t\t\taria-haspopup=\"dialog\"\n\t\t\taria-label=\"Vergr\u00f6\u00dfern\"\n\t\t\tdata-wp-init=\"callbacks.initTriggerButton\"\n\t\t\tdata-wp-on--click=\"actions.showLightbox\"\n\t\t\tdata-wp-style--right=\"state.imageButtonRight\"\n\t\t\tdata-wp-style--top=\"state.imageButtonTop\"\n\t\t>\n\t\t\t<svg xmlns=\"http:\/\/www.w3.org\/2000\/svg\" width=\"12\" height=\"12\" fill=\"none\" viewBox=\"0 0 12 12\">\n\t\t\t\t<path fill=\"#fff\" d=\"M2 0a2 2 0 0 0-2 2v2h1.5V2a.5.5 0 0 1 .5-.5h2V0H2Zm2 10.5H2a.5.5 0 0 1-.5-.5V8H0v2a2 2 0 0 0 2 2h2v-1.5ZM8 12v-1.5h2a.5.5 0 0 0 .5-.5V8H12v2a2 2 0 0 1-2 2H8Zm2-12a2 2 0 0 1 2 2v2h-1.5V2a.5.5 0 0 0-.5-.5H8V0h2Z\" \/>\n\t\t\t<\/svg>\n\t\t<\/button><\/figure>\n<\/div>\n\n\n\n<div class=\"wp-block-column has-global-padding is-layout-constrained wp-block-column-is-layout-constrained\">\n<figure data-wp-context=\"{&quot;imageId&quot;:&quot;69ecee9e400d7&quot;}\" data-wp-interactive=\"core\/image\" data-wp-key=\"69ecee9e400d7\" class=\"wp-block-image size-large is-style-thumbnail wp-lightbox-container\"><img decoding=\"async\" data-wp-class--hide=\"state.isContentHidden\" data-wp-class--show=\"state.isContentVisible\" data-wp-init=\"callbacks.setButtonStyles\" data-wp-on--click=\"actions.showLightbox\" data-wp-on--load=\"callbacks.setButtonStyles\" data-wp-on-window--resize=\"callbacks.setButtonStyles\" src=\"https:\/\/skymove.sk\/wp-content\/uploads\/2023\/10\/P3590945-scaled.jpg\" alt=\"\" style=\"aspect-ratio:3\/2;object-fit:cover\"\/><button\n\t\t\tclass=\"lightbox-trigger\"\n\t\t\ttype=\"button\"\n\t\t\taria-haspopup=\"dialog\"\n\t\t\taria-label=\"Vergr\u00f6\u00dfern\"\n\t\t\tdata-wp-init=\"callbacks.initTriggerButton\"\n\t\t\tdata-wp-on--click=\"actions.showLightbox\"\n\t\t\tdata-wp-style--right=\"state.imageButtonRight\"\n\t\t\tdata-wp-style--top=\"state.imageButtonTop\"\n\t\t>\n\t\t\t<svg xmlns=\"http:\/\/www.w3.org\/2000\/svg\" width=\"12\" height=\"12\" fill=\"none\" viewBox=\"0 0 12 12\">\n\t\t\t\t<path fill=\"#fff\" d=\"M2 0a2 2 0 0 0-2 2v2h1.5V2a.5.5 0 0 1 .5-.5h2V0H2Zm2 10.5H2a.5.5 0 0 1-.5-.5V8H0v2a2 2 0 0 0 2 2h2v-1.5ZM8 12v-1.5h2a.5.5 0 0 0 .5-.5V8H12v2a2 2 0 0 1-2 2H8Zm2-12a2 2 0 0 1 2 2v2h-1.5V2a.5.5 0 0 0-.5-.5H8V0h2Z\" \/>\n\t\t\t<\/svg>\n\t\t<\/button><\/figure>\n<\/div>\n\n\n\n<div class=\"wp-block-column has-global-padding is-layout-constrained wp-block-column-is-layout-constrained\">\n<figure data-wp-context=\"{&quot;imageId&quot;:&quot;69ecee9e40bf5&quot;}\" data-wp-interactive=\"core\/image\" data-wp-key=\"69ecee9e40bf5\" class=\"wp-block-image size-large is-style-thumbnail wp-lightbox-container\"><img decoding=\"async\" data-wp-class--hide=\"state.isContentHidden\" data-wp-class--show=\"state.isContentVisible\" data-wp-init=\"callbacks.setButtonStyles\" data-wp-on--click=\"actions.showLightbox\" data-wp-on--load=\"callbacks.setButtonStyles\" data-wp-on-window--resize=\"callbacks.setButtonStyles\" src=\"https:\/\/skymove.sk\/wp-content\/uploads\/2023\/10\/P3590918-scaled.jpg\" alt=\"\" style=\"aspect-ratio:3\/2;object-fit:cover\"\/><button\n\t\t\tclass=\"lightbox-trigger\"\n\t\t\ttype=\"button\"\n\t\t\taria-haspopup=\"dialog\"\n\t\t\taria-label=\"Vergr\u00f6\u00dfern\"\n\t\t\tdata-wp-init=\"callbacks.initTriggerButton\"\n\t\t\tdata-wp-on--click=\"actions.showLightbox\"\n\t\t\tdata-wp-style--right=\"state.imageButtonRight\"\n\t\t\tdata-wp-style--top=\"state.imageButtonTop\"\n\t\t>\n\t\t\t<svg xmlns=\"http:\/\/www.w3.org\/2000\/svg\" width=\"12\" height=\"12\" fill=\"none\" viewBox=\"0 0 12 12\">\n\t\t\t\t<path fill=\"#fff\" d=\"M2 0a2 2 0 0 0-2 2v2h1.5V2a.5.5 0 0 1 .5-.5h2V0H2Zm2 10.5H2a.5.5 0 0 1-.5-.5V8H0v2a2 2 0 0 0 2 2h2v-1.5ZM8 12v-1.5h2a.5.5 0 0 0 .5-.5V8H12v2a2 2 0 0 1-2 2H8Zm2-12a2 2 0 0 1 2 2v2h-1.5V2a.5.5 0 0 0-.5-.5H8V0h2Z\" \/>\n\t\t\t<\/svg>\n\t\t<\/button><\/figure>\n<\/div>\n<\/div>\n\n\n\n<figure class=\"wp-block-table is-style-stripes\"><table class=\"has-fixed-layout\"><tbody><tr><td>Genauigkeit<\/td><td><\/td><\/tr><tr><td>Dichte der Punkte<\/td><td><\/td><\/tr><tr><td>Abmessungen<\/td><td><\/td><\/tr><tr><td>Gewicht<\/td><td><\/td><\/tr><tr><td>Geschwindigkeit der Messung<\/td><td><\/td><\/tr><tr><td>Kamera<\/td><td><\/td><\/tr><\/tbody><\/table><\/figure>\n\n\n\n<p style=\"line-height:1.5\">Das Messsystem besteht aus einer Lidar-Einheit mit einer IMU, einem unbemannten Flugger\u00e4t, Zubeh\u00f6r zu dessen Betrieb und einer Bodenstation zur Datenerfassung beim Scannen, aber auch zur Erstellung von Kontrollmessungen oder anderen Aufgaben. Wir liefern das System gepr\u00fcft, kalibriert und sofort einsatzbereit. Das System kann sowohl unter hei\u00dfen als auch unter kalten Bedingungen eingesetzt werden.<\/p>\n\n\n\n<div class=\"wp-block-columns is-layout-flex wp-container-core-columns-is-layout-ea69a204 wp-block-columns-is-layout-flex\">\n<div class=\"wp-block-column has-global-padding is-layout-constrained wp-block-column-is-layout-constrained\">\n<figure class=\"wp-block-image size-large\"><img decoding=\"async\" src=\"https:\/\/skymove.sk\/wp-content\/uploads\/2023\/10\/DJI_0913-scaled.jpg\" alt=\"\" style=\"aspect-ratio:16\/9;object-fit:cover\"\/><\/figure>\n<\/div>\n\n\n\n<div class=\"wp-block-column has-global-padding is-layout-constrained wp-block-column-is-layout-constrained\">\n<figure class=\"wp-block-image size-large\"><img decoding=\"async\" src=\"https:\/\/skymove.sk\/wp-content\/uploads\/2023\/10\/DJI_0374-scaled.jpg\" alt=\"\" style=\"aspect-ratio:16\/9;object-fit:cover\"\/><\/figure>\n<\/div>\n<\/div>\n\n\n\n<p style=\"line-height:1.5\">Beim Kauf erhalten Sie ein komplettes und sofort einsatzbereites System f\u00fcr die Messung. Das System umfasst auch eine Rohdatenverarbeitungssoftware und eine Schulung zum Datenerfassungs- und -verarbeitungsprozess. Sie m\u00fcssen nicht l\u00e4nger nach einer L\u00f6sung suchen, sondern erhalten von uns alles, was Sie f\u00fcr das Scannen aus der Luft ben\u00f6tigen. Gegen eine Geb\u00fchr bieten wir auch eine schnelle Datenverarbeitung und Georeferenzierung an.<\/p>\n\n\n\n<h4 class=\"wp-block-heading\">Inhalt des Pakets<\/h4>\n\n\n\n<ul class=\"wp-block-list\">\n<li>DJI M300\/M350 RTK mit komplettem Zubeh\u00f6r<\/li>\n\n\n\n<li>Ladeger\u00e4t und ein Satz Batterien<\/li>\n\n\n\n<li>GS 130X mit HESAI-Sensor und Zubeh\u00f6r<\/li>\n\n\n\n<li>Bodenmessstation GPS GNSS MINI 10 mit Zubeh\u00f6r<\/li>\n\n\n\n<li>Datenverarbeitungssoftware von GEOSUN<\/li>\n<\/ul>\n<\/div>\n","protected":false},"excerpt":{"rendered":"<p>Komplette Einrichtung f\u00fcr die sofortige Messung von Lidar-Daten Genauigkeit Dichte der Punkte Abmessungen Gewicht Geschwindigkeit der Messung Kamera Das Messsystem besteht aus einer Lidar-Einheit mit einer IMU, einem unbemannten Flugger\u00e4t, Zubeh\u00f6r zu dessen Betrieb und einer Bodenstation zur Datenerfassung beim Scannen, aber auch zur Erstellung von Kontrollmessungen oder anderen Aufgaben. Wir liefern das System gepr\u00fcft, [&hellip;]<\/p>\n","protected":false},"author":4,"featured_media":0,"parent":0,"menu_order":0,"comment_status":"closed","ping_status":"closed","template":"product","meta":{"advanced_seo_description":"","jetpack_seo_html_title":"","jetpack_seo_noindex":false,"footnotes":""},"class_list":["post-3165","page","type-page","status-publish","hentry"],"jetpack_shortlink":"https:\/\/wp.me\/Pfg0HK-P3","jetpack_sharing_enabled":true,"_links":{"self":[{"href":"https:\/\/skymove.sk\/de\/wp-json\/wp\/v2\/pages\/3165","targetHints":{"allow":["GET"]}}],"collection":[{"href":"https:\/\/skymove.sk\/de\/wp-json\/wp\/v2\/pages"}],"about":[{"href":"https:\/\/skymove.sk\/de\/wp-json\/wp\/v2\/types\/page"}],"author":[{"embeddable":true,"href":"https:\/\/skymove.sk\/de\/wp-json\/wp\/v2\/users\/4"}],"replies":[{"embeddable":true,"href":"https:\/\/skymove.sk\/de\/wp-json\/wp\/v2\/comments?post=3165"}],"version-history":[{"count":3,"href":"https:\/\/skymove.sk\/de\/wp-json\/wp\/v2\/pages\/3165\/revisions"}],"predecessor-version":[{"id":3168,"href":"https:\/\/skymove.sk\/de\/wp-json\/wp\/v2\/pages\/3165\/revisions\/3168"}],"wp:attachment":[{"href":"https:\/\/skymove.sk\/de\/wp-json\/wp\/v2\/media?parent=3165"}],"curies":[{"name":"wp","href":"https:\/\/api.w.org\/{rel}","templated":true}]}}