{"id":3161,"date":"2023-09-19T14:24:08","date_gmt":"2023-09-19T12:24:08","guid":{"rendered":"https:\/\/skymove.sk\/gs-100v\/"},"modified":"2024-09-23T01:26:05","modified_gmt":"2024-09-22T23:26:05","slug":"gs-100v","status":"publish","type":"page","link":"https:\/\/skymove.sk\/de\/gs-100v\/","title":{"rendered":"GS-100V"},"content":{"rendered":"\n<div class=\"wp-block-group has-global-padding is-layout-constrained wp-container-core-group-is-layout-2a334cce wp-block-group-is-layout-constrained\" style=\"padding-top:var(--wp--preset--spacing--20);padding-bottom:var(--wp--preset--spacing--20)\">\n<div class=\"wp-block-group is-content-justification-space-between is-nowrap is-layout-flex wp-container-core-group-is-layout-cb46ffcb wp-block-group-is-layout-flex\">\n<h5 class=\"wp-block-heading\">Ein einfaches und kosteng\u00fcnstiges 3D-Datenerfassungstool f\u00fcr weniger anspruchsvolle Projekte<\/h5>\n<\/div>\n\n\n\n<div class=\"wp-block-group is-nowrap is-layout-flex wp-container-core-group-is-layout-17c695da wp-block-group-is-layout-flex\">\n<figure class=\"wp-block-gallery has-nested-images columns-default is-cropped wp-block-gallery-1 is-layout-flex wp-block-gallery-is-layout-flex\" style=\"padding-top:0;padding-right:0;padding-bottom:0;padding-left:0\">\n<figure data-wp-context=\"{&quot;imageId&quot;:&quot;69ecea72b5447&quot;}\" data-wp-interactive=\"core\/image\" data-wp-key=\"69ecea72b5447\" class=\"wp-block-image size-thumbnail is-style-thumbnail wp-lightbox-container\"><img loading=\"lazy\" decoding=\"async\" width=\"150\" height=\"150\" data-wp-class--hide=\"state.isContentHidden\" data-wp-class--show=\"state.isContentVisible\" data-wp-init=\"callbacks.setButtonStyles\" data-wp-on--click=\"actions.showLightbox\" data-wp-on--load=\"callbacks.setButtonStyles\" data-wp-on-window--resize=\"callbacks.setButtonStyles\" data-id=\"2240\" src=\"https:\/\/skymove.sk\/wp-content\/uploads\/2023\/11\/ps145229867-geosun_gairhawk_series_gs_100v_lidar_scanning_system_hesai_xt16_laser_sensor_built_in_camera_high_precision_aerial_scan-150x150.jpg\" alt=\"\" class=\"wp-image-2240\" srcset=\"https:\/\/skymove.sk\/wp-content\/uploads\/2023\/11\/ps145229867-geosun_gairhawk_series_gs_100v_lidar_scanning_system_hesai_xt16_laser_sensor_built_in_camera_high_precision_aerial_scan-150x150.jpg 150w, https:\/\/skymove.sk\/wp-content\/uploads\/2023\/11\/ps145229867-geosun_gairhawk_series_gs_100v_lidar_scanning_system_hesai_xt16_laser_sensor_built_in_camera_high_precision_aerial_scan-300x300.jpg 300w, https:\/\/skymove.sk\/wp-content\/uploads\/2023\/11\/ps145229867-geosun_gairhawk_series_gs_100v_lidar_scanning_system_hesai_xt16_laser_sensor_built_in_camera_high_precision_aerial_scan-1024x1024.jpg 1024w, https:\/\/skymove.sk\/wp-content\/uploads\/2023\/11\/ps145229867-geosun_gairhawk_series_gs_100v_lidar_scanning_system_hesai_xt16_laser_sensor_built_in_camera_high_precision_aerial_scan-768x768.jpg 768w, https:\/\/skymove.sk\/wp-content\/uploads\/2023\/11\/ps145229867-geosun_gairhawk_series_gs_100v_lidar_scanning_system_hesai_xt16_laser_sensor_built_in_camera_high_precision_aerial_scan-1536x1536.jpg 1536w, https:\/\/skymove.sk\/wp-content\/uploads\/2023\/11\/ps145229867-geosun_gairhawk_series_gs_100v_lidar_scanning_system_hesai_xt16_laser_sensor_built_in_camera_high_precision_aerial_scan-2048x2048.jpg 2048w\" sizes=\"auto, (max-width: 150px) 100vw, 150px\" \/><button\n\t\t\tclass=\"lightbox-trigger\"\n\t\t\ttype=\"button\"\n\t\t\taria-haspopup=\"dialog\"\n\t\t\taria-label=\"Vergr\u00f6\u00dfern\"\n\t\t\tdata-wp-init=\"callbacks.initTriggerButton\"\n\t\t\tdata-wp-on--click=\"actions.showLightbox\"\n\t\t\tdata-wp-style--right=\"state.imageButtonRight\"\n\t\t\tdata-wp-style--top=\"state.imageButtonTop\"\n\t\t>\n\t\t\t<svg xmlns=\"http:\/\/www.w3.org\/2000\/svg\" width=\"12\" height=\"12\" fill=\"none\" viewBox=\"0 0 12 12\">\n\t\t\t\t<path fill=\"#fff\" d=\"M2 0a2 2 0 0 0-2 2v2h1.5V2a.5.5 0 0 1 .5-.5h2V0H2Zm2 10.5H2a.5.5 0 0 1-.5-.5V8H0v2a2 2 0 0 0 2 2h2v-1.5ZM8 12v-1.5h2a.5.5 0 0 0 .5-.5V8H12v2a2 2 0 0 1-2 2H8Zm2-12a2 2 0 0 1 2 2v2h-1.5V2a.5.5 0 0 0-.5-.5H8V0h2Z\" \/>\n\t\t\t<\/svg>\n\t\t<\/button><\/figure>\n\n\n\n<figure data-wp-context=\"{&quot;imageId&quot;:&quot;69ecea72b6fdb&quot;}\" data-wp-interactive=\"core\/image\" data-wp-key=\"69ecea72b6fdb\" class=\"wp-block-image size-thumbnail is-style-thumbnail wp-lightbox-container\"><img loading=\"lazy\" decoding=\"async\" width=\"150\" height=\"150\" data-wp-class--hide=\"state.isContentHidden\" data-wp-class--show=\"state.isContentVisible\" data-wp-init=\"callbacks.setButtonStyles\" data-wp-on--click=\"actions.showLightbox\" data-wp-on--load=\"callbacks.setButtonStyles\" data-wp-on-window--resize=\"callbacks.setButtonStyles\" data-id=\"2243\" src=\"https:\/\/skymove.sk\/wp-content\/uploads\/2023\/11\/ps145229878-geosun_gairhawk_series_gs_100v_lidar_scanning_system_hesai_xt16_laser_sensor_built_in_camera_high_precision_aerial_scan-150x150.jpg\" alt=\"\" class=\"wp-image-2243\"\/><button\n\t\t\tclass=\"lightbox-trigger\"\n\t\t\ttype=\"button\"\n\t\t\taria-haspopup=\"dialog\"\n\t\t\taria-label=\"Vergr\u00f6\u00dfern\"\n\t\t\tdata-wp-init=\"callbacks.initTriggerButton\"\n\t\t\tdata-wp-on--click=\"actions.showLightbox\"\n\t\t\tdata-wp-style--right=\"state.imageButtonRight\"\n\t\t\tdata-wp-style--top=\"state.imageButtonTop\"\n\t\t>\n\t\t\t<svg xmlns=\"http:\/\/www.w3.org\/2000\/svg\" width=\"12\" height=\"12\" fill=\"none\" viewBox=\"0 0 12 12\">\n\t\t\t\t<path fill=\"#fff\" d=\"M2 0a2 2 0 0 0-2 2v2h1.5V2a.5.5 0 0 1 .5-.5h2V0H2Zm2 10.5H2a.5.5 0 0 1-.5-.5V8H0v2a2 2 0 0 0 2 2h2v-1.5ZM8 12v-1.5h2a.5.5 0 0 0 .5-.5V8H12v2a2 2 0 0 1-2 2H8Zm2-12a2 2 0 0 1 2 2v2h-1.5V2a.5.5 0 0 0-.5-.5H8V0h2Z\" \/>\n\t\t\t<\/svg>\n\t\t<\/button><\/figure>\n\n\n\n<figure data-wp-context=\"{&quot;imageId&quot;:&quot;69ecea72b84d5&quot;}\" data-wp-interactive=\"core\/image\" data-wp-key=\"69ecea72b84d5\" class=\"wp-block-image size-thumbnail is-style-thumbnail wp-lightbox-container\"><img loading=\"lazy\" decoding=\"async\" width=\"150\" height=\"150\" data-wp-class--hide=\"state.isContentHidden\" data-wp-class--show=\"state.isContentVisible\" data-wp-init=\"callbacks.setButtonStyles\" data-wp-on--click=\"actions.showLightbox\" data-wp-on--load=\"callbacks.setButtonStyles\" data-wp-on-window--resize=\"callbacks.setButtonStyles\" data-id=\"2246\" src=\"https:\/\/skymove.sk\/wp-content\/uploads\/2023\/11\/ps145229858-geosun_gairhawk_series_gs_100v_lidar_scanning_system_hesai_xt16_laser_sensor_built_in_camera_high_precision_aerial_scan-150x150.jpg\" alt=\"\" class=\"wp-image-2246\" srcset=\"https:\/\/skymove.sk\/wp-content\/uploads\/2023\/11\/ps145229858-geosun_gairhawk_series_gs_100v_lidar_scanning_system_hesai_xt16_laser_sensor_built_in_camera_high_precision_aerial_scan-150x150.jpg 150w, https:\/\/skymove.sk\/wp-content\/uploads\/2023\/11\/ps145229858-geosun_gairhawk_series_gs_100v_lidar_scanning_system_hesai_xt16_laser_sensor_built_in_camera_high_precision_aerial_scan-300x300.jpg 300w, https:\/\/skymove.sk\/wp-content\/uploads\/2023\/11\/ps145229858-geosun_gairhawk_series_gs_100v_lidar_scanning_system_hesai_xt16_laser_sensor_built_in_camera_high_precision_aerial_scan-1024x1024.jpg 1024w, https:\/\/skymove.sk\/wp-content\/uploads\/2023\/11\/ps145229858-geosun_gairhawk_series_gs_100v_lidar_scanning_system_hesai_xt16_laser_sensor_built_in_camera_high_precision_aerial_scan-768x767.jpg 768w, https:\/\/skymove.sk\/wp-content\/uploads\/2023\/11\/ps145229858-geosun_gairhawk_series_gs_100v_lidar_scanning_system_hesai_xt16_laser_sensor_built_in_camera_high_precision_aerial_scan-1536x1534.jpg 1536w, https:\/\/skymove.sk\/wp-content\/uploads\/2023\/11\/ps145229858-geosun_gairhawk_series_gs_100v_lidar_scanning_system_hesai_xt16_laser_sensor_built_in_camera_high_precision_aerial_scan-2048x2045.jpg 2048w\" sizes=\"auto, (max-width: 150px) 100vw, 150px\" \/><button\n\t\t\tclass=\"lightbox-trigger\"\n\t\t\ttype=\"button\"\n\t\t\taria-haspopup=\"dialog\"\n\t\t\taria-label=\"Vergr\u00f6\u00dfern\"\n\t\t\tdata-wp-init=\"callbacks.initTriggerButton\"\n\t\t\tdata-wp-on--click=\"actions.showLightbox\"\n\t\t\tdata-wp-style--right=\"state.imageButtonRight\"\n\t\t\tdata-wp-style--top=\"state.imageButtonTop\"\n\t\t>\n\t\t\t<svg xmlns=\"http:\/\/www.w3.org\/2000\/svg\" width=\"12\" height=\"12\" fill=\"none\" viewBox=\"0 0 12 12\">\n\t\t\t\t<path fill=\"#fff\" d=\"M2 0a2 2 0 0 0-2 2v2h1.5V2a.5.5 0 0 1 .5-.5h2V0H2Zm2 10.5H2a.5.5 0 0 1-.5-.5V8H0v2a2 2 0 0 0 2 2h2v-1.5ZM8 12v-1.5h2a.5.5 0 0 0 .5-.5V8H12v2a2 2 0 0 1-2 2H8Zm2-12a2 2 0 0 1 2 2v2h-1.5V2a.5.5 0 0 0-.5-.5H8V0h2Z\" \/>\n\t\t\t<\/svg>\n\t\t<\/button><\/figure>\n<\/figure>\n<\/div>\n\n\n\n<figure class=\"wp-block-table is-style-stripes\"><table class=\"has-fixed-layout\"><tbody><tr><td>Genauigkeit<\/td><td><\/td><\/tr><tr><td>Dichte der Punkte<\/td><td><\/td><\/tr><tr><td>Abmessungen<\/td><td><\/td><\/tr><tr><td>Gewicht<\/td><td><\/td><\/tr><tr><td>Geschwindigkeit der Messung<\/td><td><\/td><\/tr><tr><td>Kamera<\/td><td><\/td><\/tr><\/tbody><\/table><\/figure>\n\n\n\n<p style=\"line-height:1.5\">Der GS-100V ist ein kompaktes Nahbereichs-Datenerfassungs- und Punktwolkensystem mit integriertem 16-Kanal-Laserscanner HESAI XT16. Es ist in der Lage, genaue Daten und umfassende Bildinformationen in Echtzeit zu erfassen. Es wird h\u00e4ufig bei der Erfassung dreidimensionaler Rauminformationen in den Bereichen einfache Geod\u00e4sie, Passporting, Forstwirtschaft, Landwirtschaft und Baugewerbe eingesetzt.<\/p>\n\n\n\n<div class=\"wp-block-columns is-layout-flex wp-container-core-columns-is-layout-ea69a204 wp-block-columns-is-layout-flex\">\n<div class=\"wp-block-column has-global-padding is-layout-constrained wp-block-column-is-layout-constrained\">\n<figure class=\"wp-block-image size-large\"><img decoding=\"async\" src=\"https:\/\/skymove.sk\/wp-content\/uploads\/2023\/09\/20230228144440_46993.png\" alt=\"\" style=\"aspect-ratio:16\/9;object-fit:cover\"\/><\/figure>\n<\/div>\n\n\n\n<div class=\"wp-block-column has-global-padding is-layout-constrained wp-block-column-is-layout-constrained\">\n<figure class=\"wp-block-image size-large\"><img decoding=\"async\" src=\"https:\/\/skymove.sk\/wp-content\/uploads\/2023\/09\/20230228144529_59816.png\" alt=\"\" style=\"aspect-ratio:16\/9;object-fit:cover\"\/><\/figure>\n<\/div>\n<\/div>\n\n\n\n<p style=\"line-height:1.5\">Diese Art von LiDAR kann f\u00fcr die Vermessung und Kartierung von Gel\u00e4nde, Korridoren und linearen Objekten verwendet werden, sowie f\u00fcr die mobile Kartierung und Passportierung.<\/p>\n\n\n\n<ul class=\"wp-block-list\">\n<li>Verwendung sowohl f\u00fcr UAV- als auch f\u00fcr mobile Scans<\/li>\n\n\n\n<li>Kompatibel mit Planungssoftware<\/li>\n\n\n\n<li>Erschwingliche Datenerfassung f\u00fcr einfache Projekte<\/li>\n\n\n\n<li>Es liefert eine farbenfrohe Punktwolke in guter Qualit\u00e4t<\/li>\n<\/ul>\n<\/div>\n","protected":false},"excerpt":{"rendered":"<p>Ein einfaches und kosteng\u00fcnstiges 3D-Datenerfassungstool f\u00fcr weniger anspruchsvolle Projekte Genauigkeit Dichte der Punkte Abmessungen Gewicht Geschwindigkeit der Messung Kamera Der GS-100V ist ein kompaktes Nahbereichs-Datenerfassungs- und Punktwolkensystem mit integriertem 16-Kanal-Laserscanner HESAI XT16. Es ist in der Lage, genaue Daten und umfassende Bildinformationen in Echtzeit zu erfassen. Es wird h\u00e4ufig bei der Erfassung dreidimensionaler Rauminformationen in [&hellip;]<\/p>\n","protected":false},"author":4,"featured_media":0,"parent":0,"menu_order":0,"comment_status":"closed","ping_status":"closed","template":"product","meta":{"advanced_seo_description":"","jetpack_seo_html_title":"","jetpack_seo_noindex":false,"footnotes":""},"class_list":["post-3161","page","type-page","status-publish","hentry"],"jetpack_shortlink":"https:\/\/wp.me\/Pfg0HK-OZ","jetpack_sharing_enabled":true,"_links":{"self":[{"href":"https:\/\/skymove.sk\/de\/wp-json\/wp\/v2\/pages\/3161","targetHints":{"allow":["GET"]}}],"collection":[{"href":"https:\/\/skymove.sk\/de\/wp-json\/wp\/v2\/pages"}],"about":[{"href":"https:\/\/skymove.sk\/de\/wp-json\/wp\/v2\/types\/page"}],"author":[{"embeddable":true,"href":"https:\/\/skymove.sk\/de\/wp-json\/wp\/v2\/users\/4"}],"replies":[{"embeddable":true,"href":"https:\/\/skymove.sk\/de\/wp-json\/wp\/v2\/comments?post=3161"}],"version-history":[{"count":3,"href":"https:\/\/skymove.sk\/de\/wp-json\/wp\/v2\/pages\/3161\/revisions"}],"predecessor-version":[{"id":3164,"href":"https:\/\/skymove.sk\/de\/wp-json\/wp\/v2\/pages\/3161\/revisions\/3164"}],"wp:attachment":[{"href":"https:\/\/skymove.sk\/de\/wp-json\/wp\/v2\/media?parent=3161"}],"curies":[{"name":"wp","href":"https:\/\/api.w.org\/{rel}","templated":true}]}}