{"id":3157,"date":"2023-09-19T14:23:27","date_gmt":"2023-09-19T12:23:27","guid":{"rendered":"https:\/\/skymove.sk\/gs-100g\/"},"modified":"2024-09-23T01:26:31","modified_gmt":"2024-09-22T23:26:31","slug":"gs-100g","status":"publish","type":"page","link":"https:\/\/skymove.sk\/de\/gs-100g\/","title":{"rendered":"GS-100G"},"content":{"rendered":"\n<div class=\"wp-block-group has-global-padding is-layout-constrained wp-container-core-group-is-layout-2a334cce wp-block-group-is-layout-constrained\" style=\"padding-top:var(--wp--preset--spacing--20);padding-bottom:var(--wp--preset--spacing--20)\">\n<div class=\"wp-block-group is-content-justification-space-between is-nowrap is-layout-flex wp-container-core-group-is-layout-cb46ffcb wp-block-group-is-layout-flex\">\n<h5 class=\"wp-block-heading\">Handheld-Tool f\u00fcr effiziente SLAM-3D-Datenerfassung in jeder Umgebung<\/h5>\n<\/div>\n\n\n\n<div class=\"wp-block-group is-nowrap is-layout-flex wp-container-core-group-is-layout-17c695da wp-block-group-is-layout-flex\">\n<figure class=\"wp-block-gallery has-nested-images columns-default is-cropped wp-block-gallery-1 is-layout-flex wp-block-gallery-is-layout-flex\" style=\"padding-top:0;padding-right:0;padding-bottom:0;padding-left:0\">\n<figure data-wp-context=\"{&quot;imageId&quot;:&quot;69ecebf235997&quot;}\" data-wp-interactive=\"core\/image\" data-wp-key=\"69ecebf235997\" class=\"wp-block-image size-thumbnail is-style-thumbnail wp-lightbox-container\"><img loading=\"lazy\" decoding=\"async\" width=\"150\" height=\"150\" data-wp-class--hide=\"state.isContentHidden\" data-wp-class--show=\"state.isContentVisible\" data-wp-init=\"callbacks.setButtonStyles\" data-wp-on--click=\"actions.showLightbox\" data-wp-on--load=\"callbacks.setButtonStyles\" data-wp-on-window--resize=\"callbacks.setButtonStyles\" data-id=\"2276\" src=\"https:\/\/skymove.sk\/wp-content\/uploads\/2023\/11\/ps145234991-gs_100g_lidar_scanning_system_hesai_xt16_under_ground_mapping_3d_data_collection-150x150.jpg\" alt=\"\" class=\"wp-image-2276\"\/><button\n\t\t\tclass=\"lightbox-trigger\"\n\t\t\ttype=\"button\"\n\t\t\taria-haspopup=\"dialog\"\n\t\t\taria-label=\"Vergr\u00f6\u00dfern\"\n\t\t\tdata-wp-init=\"callbacks.initTriggerButton\"\n\t\t\tdata-wp-on--click=\"actions.showLightbox\"\n\t\t\tdata-wp-style--right=\"state.imageButtonRight\"\n\t\t\tdata-wp-style--top=\"state.imageButtonTop\"\n\t\t>\n\t\t\t<svg xmlns=\"http:\/\/www.w3.org\/2000\/svg\" width=\"12\" height=\"12\" fill=\"none\" viewBox=\"0 0 12 12\">\n\t\t\t\t<path fill=\"#fff\" d=\"M2 0a2 2 0 0 0-2 2v2h1.5V2a.5.5 0 0 1 .5-.5h2V0H2Zm2 10.5H2a.5.5 0 0 1-.5-.5V8H0v2a2 2 0 0 0 2 2h2v-1.5ZM8 12v-1.5h2a.5.5 0 0 0 .5-.5V8H12v2a2 2 0 0 1-2 2H8Zm2-12a2 2 0 0 1 2 2v2h-1.5V2a.5.5 0 0 0-.5-.5H8V0h2Z\" \/>\n\t\t\t<\/svg>\n\t\t<\/button><\/figure>\n\n\n\n<figure data-wp-context=\"{&quot;imageId&quot;:&quot;69ecebf23c857&quot;}\" data-wp-interactive=\"core\/image\" data-wp-key=\"69ecebf23c857\" class=\"wp-block-image size-thumbnail is-style-thumbnail wp-lightbox-container\"><img loading=\"lazy\" decoding=\"async\" width=\"150\" height=\"150\" data-wp-class--hide=\"state.isContentHidden\" data-wp-class--show=\"state.isContentVisible\" data-wp-init=\"callbacks.setButtonStyles\" data-wp-on--click=\"actions.showLightbox\" data-wp-on--load=\"callbacks.setButtonStyles\" data-wp-on-window--resize=\"callbacks.setButtonStyles\" data-id=\"2273\" src=\"https:\/\/skymove.sk\/wp-content\/uploads\/2023\/11\/ps145234992-gs_100g_lidar_scanning_system_hesai_xt16_under_ground_mapping_3d_data_collection-150x150.jpg\" alt=\"\" class=\"wp-image-2273\"\/><button\n\t\t\tclass=\"lightbox-trigger\"\n\t\t\ttype=\"button\"\n\t\t\taria-haspopup=\"dialog\"\n\t\t\taria-label=\"Vergr\u00f6\u00dfern\"\n\t\t\tdata-wp-init=\"callbacks.initTriggerButton\"\n\t\t\tdata-wp-on--click=\"actions.showLightbox\"\n\t\t\tdata-wp-style--right=\"state.imageButtonRight\"\n\t\t\tdata-wp-style--top=\"state.imageButtonTop\"\n\t\t>\n\t\t\t<svg xmlns=\"http:\/\/www.w3.org\/2000\/svg\" width=\"12\" height=\"12\" fill=\"none\" viewBox=\"0 0 12 12\">\n\t\t\t\t<path fill=\"#fff\" d=\"M2 0a2 2 0 0 0-2 2v2h1.5V2a.5.5 0 0 1 .5-.5h2V0H2Zm2 10.5H2a.5.5 0 0 1-.5-.5V8H0v2a2 2 0 0 0 2 2h2v-1.5ZM8 12v-1.5h2a.5.5 0 0 0 .5-.5V8H12v2a2 2 0 0 1-2 2H8Zm2-12a2 2 0 0 1 2 2v2h-1.5V2a.5.5 0 0 0-.5-.5H8V0h2Z\" \/>\n\t\t\t<\/svg>\n\t\t<\/button><\/figure>\n<\/figure>\n<\/div>\n\n\n\n<figure class=\"wp-block-table is-style-stripes\"><table class=\"has-fixed-layout\"><tbody><tr><td>Genauigkeit<\/td><td><\/td><\/tr><tr><td>Dichte der Punkte<\/td><td><\/td><\/tr><tr><td>Abmessungen<\/td><td><\/td><\/tr><tr><td>Gewicht<\/td><td><\/td><\/tr><tr><td>Geschwindigkeit der Messung<\/td><td><\/td><\/tr><tr><td>Kamera<\/td><td><\/td><\/tr><\/tbody><\/table><\/figure>\n\n\n\n<p style=\"line-height:1.5\">Das GS-100G ist ein handgehaltenes Scanning-LiDAR-System, das f\u00fcr schnelles und effizientes SLAM-Scanning entwickelt wurde. Sein kompaktes Design in Kombination mit einfach zu bedienenden Funktionen macht ihn zu einem vielseitigen Werkzeug f\u00fcr viele Anwendungen. Das Ger\u00e4t verf\u00fcgt \u00fcber eine um 360\u00b0 drehbare Plattform, die eine 270\u00b0 x 360\u00b0 Punktwolkenabdeckung erzeugen kann. <\/p>\n\n\n\n<div class=\"wp-block-columns is-layout-flex wp-container-core-columns-is-layout-ea69a204 wp-block-columns-is-layout-flex\">\n<div class=\"wp-block-column has-global-padding is-layout-constrained wp-block-column-is-layout-constrained\">\n<figure class=\"wp-block-image size-large\"><img decoding=\"async\" src=\"https:\/\/skymove.sk\/wp-content\/uploads\/2023\/09\/20230227174718_17961.png\" alt=\"\" style=\"aspect-ratio:16\/9;object-fit:cover\"\/><\/figure>\n<\/div>\n\n\n\n<div class=\"wp-block-column has-global-padding is-layout-constrained wp-block-column-is-layout-constrained\">\n<figure class=\"wp-block-image size-large\"><img decoding=\"async\" src=\"https:\/\/skymove.sk\/wp-content\/uploads\/2023\/09\/1694095665177.jpg\" alt=\"\" style=\"aspect-ratio:16\/9;object-fit:cover\"\/><\/figure>\n<\/div>\n<\/div>\n\n\n\n<p style=\"line-height:1.5\">Mit industrietauglichen SLAM-Algorithmen kann es nahtlos hochpr\u00e4zise, hochaufl\u00f6sende 3D-Punktwolken sowohl in GNSS- als auch in Nicht-GNSS-Umgebungen erfassen. Geeignet zum Scannen in begrenzten R\u00e4umen, in Innenr\u00e4umen und unter B\u00e4umen.<\/p>\n\n\n\n<ul class=\"wp-block-list\">\n<li>Verwendung f\u00fcr die manuelle Datenerfassung an kritischen Stellen<\/li>\n\n\n\n<li>Kompatibel mit anderen Datenplattformen<\/li>\n\n\n\n<li>Erschwingliche und sehr effiziente SLAM-Datenerfassung<\/li>\n\n\n\n<li>Liefert eine farbige Punktwolke in hoher Dichte<\/li>\n<\/ul>\n<\/div>\n","protected":false},"excerpt":{"rendered":"<p>Handheld-Tool f\u00fcr effiziente SLAM-3D-Datenerfassung in jeder Umgebung Genauigkeit Dichte der Punkte Abmessungen Gewicht Geschwindigkeit der Messung Kamera Das GS-100G ist ein handgehaltenes Scanning-LiDAR-System, das f\u00fcr schnelles und effizientes SLAM-Scanning entwickelt wurde. Sein kompaktes Design in Kombination mit einfach zu bedienenden Funktionen macht ihn zu einem vielseitigen Werkzeug f\u00fcr viele Anwendungen. Das Ger\u00e4t verf\u00fcgt \u00fcber eine [&hellip;]<\/p>\n","protected":false},"author":4,"featured_media":0,"parent":0,"menu_order":0,"comment_status":"closed","ping_status":"closed","template":"product","meta":{"advanced_seo_description":"","jetpack_seo_html_title":"","jetpack_seo_noindex":false,"footnotes":""},"class_list":["post-3157","page","type-page","status-publish","hentry"],"jetpack_shortlink":"https:\/\/wp.me\/Pfg0HK-OV","jetpack_sharing_enabled":true,"_links":{"self":[{"href":"https:\/\/skymove.sk\/de\/wp-json\/wp\/v2\/pages\/3157","targetHints":{"allow":["GET"]}}],"collection":[{"href":"https:\/\/skymove.sk\/de\/wp-json\/wp\/v2\/pages"}],"about":[{"href":"https:\/\/skymove.sk\/de\/wp-json\/wp\/v2\/types\/page"}],"author":[{"embeddable":true,"href":"https:\/\/skymove.sk\/de\/wp-json\/wp\/v2\/users\/4"}],"replies":[{"embeddable":true,"href":"https:\/\/skymove.sk\/de\/wp-json\/wp\/v2\/comments?post=3157"}],"version-history":[{"count":3,"href":"https:\/\/skymove.sk\/de\/wp-json\/wp\/v2\/pages\/3157\/revisions"}],"predecessor-version":[{"id":3160,"href":"https:\/\/skymove.sk\/de\/wp-json\/wp\/v2\/pages\/3157\/revisions\/3160"}],"wp:attachment":[{"href":"https:\/\/skymove.sk\/de\/wp-json\/wp\/v2\/media?parent=3157"}],"curies":[{"name":"wp","href":"https:\/\/api.w.org\/{rel}","templated":true}]}}