{"id":3149,"date":"2023-09-19T14:16:30","date_gmt":"2023-09-19T12:16:30","guid":{"rendered":"https:\/\/skymove.sk\/gs-130x\/"},"modified":"2024-09-23T01:27:20","modified_gmt":"2024-09-22T23:27:20","slug":"gs-130x","status":"publish","type":"page","link":"https:\/\/skymove.sk\/de\/gs-130x\/","title":{"rendered":"GS-130X"},"content":{"rendered":"\n<div class=\"wp-block-group has-global-padding is-layout-constrained wp-container-core-group-is-layout-2a334cce wp-block-group-is-layout-constrained\" style=\"padding-top:var(--wp--preset--spacing--20);padding-bottom:var(--wp--preset--spacing--20)\">\n<div class=\"wp-block-group is-content-justification-space-between is-nowrap is-layout-flex wp-container-core-group-is-layout-cb46ffcb wp-block-group-is-layout-flex\">\n<h5 class=\"wp-block-heading\">Das Profiwerkzeug f\u00fcr anspruchsvolle Aufgaben und hohe Pr\u00e4zision<\/h5>\n<\/div>\n\n\n\n<div class=\"wp-block-group is-nowrap is-layout-flex wp-container-core-group-is-layout-17c695da wp-block-group-is-layout-flex\">\n<figure class=\"wp-block-gallery has-nested-images columns-default is-cropped wp-block-gallery-1 is-layout-flex wp-block-gallery-is-layout-flex\" style=\"padding-top:0;padding-right:0;padding-bottom:0;padding-left:0\">\n<figure data-wp-context=\"{&quot;imageId&quot;:&quot;69ecea555291b&quot;}\" data-wp-interactive=\"core\/image\" data-wp-key=\"69ecea555291b\" class=\"wp-block-image size-thumbnail is-style-thumbnail wp-lightbox-container\"><img loading=\"lazy\" decoding=\"async\" width=\"150\" height=\"150\" data-wp-class--hide=\"state.isContentHidden\" data-wp-class--show=\"state.isContentVisible\" data-wp-init=\"callbacks.setButtonStyles\" data-wp-on--click=\"actions.showLightbox\" data-wp-on--load=\"callbacks.setButtonStyles\" data-wp-on-window--resize=\"callbacks.setButtonStyles\" data-id=\"2281\" src=\"https:\/\/skymove.sk\/wp-content\/uploads\/2023\/11\/ps145607235-terrain_mapping_aerial_surveying_geosun_uav_lidar_system_gs_130x_high_precision-150x150.jpg\" alt=\"\" class=\"wp-image-2281\" srcset=\"https:\/\/skymove.sk\/wp-content\/uploads\/2023\/11\/ps145607235-terrain_mapping_aerial_surveying_geosun_uav_lidar_system_gs_130x_high_precision-150x150.jpg 150w, https:\/\/skymove.sk\/wp-content\/uploads\/2023\/11\/ps145607235-terrain_mapping_aerial_surveying_geosun_uav_lidar_system_gs_130x_high_precision-300x300.jpg 300w, https:\/\/skymove.sk\/wp-content\/uploads\/2023\/11\/ps145607235-terrain_mapping_aerial_surveying_geosun_uav_lidar_system_gs_130x_high_precision-1024x1024.jpg 1024w, https:\/\/skymove.sk\/wp-content\/uploads\/2023\/11\/ps145607235-terrain_mapping_aerial_surveying_geosun_uav_lidar_system_gs_130x_high_precision-768x767.jpg 768w, https:\/\/skymove.sk\/wp-content\/uploads\/2023\/11\/ps145607235-terrain_mapping_aerial_surveying_geosun_uav_lidar_system_gs_130x_high_precision-1536x1534.jpg 1536w, https:\/\/skymove.sk\/wp-content\/uploads\/2023\/11\/ps145607235-terrain_mapping_aerial_surveying_geosun_uav_lidar_system_gs_130x_high_precision-2048x2045.jpg 2048w\" sizes=\"auto, (max-width: 150px) 100vw, 150px\" \/><button\n\t\t\tclass=\"lightbox-trigger\"\n\t\t\ttype=\"button\"\n\t\t\taria-haspopup=\"dialog\"\n\t\t\taria-label=\"Vergr\u00f6\u00dfern\"\n\t\t\tdata-wp-init=\"callbacks.initTriggerButton\"\n\t\t\tdata-wp-on--click=\"actions.showLightbox\"\n\t\t\tdata-wp-style--right=\"state.imageButtonRight\"\n\t\t\tdata-wp-style--top=\"state.imageButtonTop\"\n\t\t>\n\t\t\t<svg xmlns=\"http:\/\/www.w3.org\/2000\/svg\" width=\"12\" height=\"12\" fill=\"none\" viewBox=\"0 0 12 12\">\n\t\t\t\t<path fill=\"#fff\" d=\"M2 0a2 2 0 0 0-2 2v2h1.5V2a.5.5 0 0 1 .5-.5h2V0H2Zm2 10.5H2a.5.5 0 0 1-.5-.5V8H0v2a2 2 0 0 0 2 2h2v-1.5ZM8 12v-1.5h2a.5.5 0 0 0 .5-.5V8H12v2a2 2 0 0 1-2 2H8Zm2-12a2 2 0 0 1 2 2v2h-1.5V2a.5.5 0 0 0-.5-.5H8V0h2Z\" \/>\n\t\t\t<\/svg>\n\t\t<\/button><\/figure>\n\n\n\n<figure data-wp-context=\"{&quot;imageId&quot;:&quot;69ecea5553a18&quot;}\" data-wp-interactive=\"core\/image\" data-wp-key=\"69ecea5553a18\" class=\"wp-block-image size-thumbnail is-style-thumbnail wp-lightbox-container\"><img loading=\"lazy\" decoding=\"async\" width=\"150\" height=\"150\" data-wp-class--hide=\"state.isContentHidden\" data-wp-class--show=\"state.isContentVisible\" data-wp-init=\"callbacks.setButtonStyles\" data-wp-on--click=\"actions.showLightbox\" data-wp-on--load=\"callbacks.setButtonStyles\" data-wp-on-window--resize=\"callbacks.setButtonStyles\" data-id=\"2293\" src=\"https:\/\/skymove.sk\/wp-content\/uploads\/2023\/11\/ps145607234-terrain_mapping_aerial_surveying_geosun_uav_lidar_system_gs_130x_high_precision-150x150.jpg\" alt=\"\" class=\"wp-image-2293\" srcset=\"https:\/\/skymove.sk\/wp-content\/uploads\/2023\/11\/ps145607234-terrain_mapping_aerial_surveying_geosun_uav_lidar_system_gs_130x_high_precision-150x150.jpg 150w, https:\/\/skymove.sk\/wp-content\/uploads\/2023\/11\/ps145607234-terrain_mapping_aerial_surveying_geosun_uav_lidar_system_gs_130x_high_precision-300x300.jpg 300w, https:\/\/skymove.sk\/wp-content\/uploads\/2023\/11\/ps145607234-terrain_mapping_aerial_surveying_geosun_uav_lidar_system_gs_130x_high_precision-1024x1024.jpg 1024w, https:\/\/skymove.sk\/wp-content\/uploads\/2023\/11\/ps145607234-terrain_mapping_aerial_surveying_geosun_uav_lidar_system_gs_130x_high_precision-768x768.jpg 768w, https:\/\/skymove.sk\/wp-content\/uploads\/2023\/11\/ps145607234-terrain_mapping_aerial_surveying_geosun_uav_lidar_system_gs_130x_high_precision-1536x1536.jpg 1536w, https:\/\/skymove.sk\/wp-content\/uploads\/2023\/11\/ps145607234-terrain_mapping_aerial_surveying_geosun_uav_lidar_system_gs_130x_high_precision-2048x2048.jpg 2048w\" sizes=\"auto, (max-width: 150px) 100vw, 150px\" \/><button\n\t\t\tclass=\"lightbox-trigger\"\n\t\t\ttype=\"button\"\n\t\t\taria-haspopup=\"dialog\"\n\t\t\taria-label=\"Vergr\u00f6\u00dfern\"\n\t\t\tdata-wp-init=\"callbacks.initTriggerButton\"\n\t\t\tdata-wp-on--click=\"actions.showLightbox\"\n\t\t\tdata-wp-style--right=\"state.imageButtonRight\"\n\t\t\tdata-wp-style--top=\"state.imageButtonTop\"\n\t\t>\n\t\t\t<svg xmlns=\"http:\/\/www.w3.org\/2000\/svg\" width=\"12\" height=\"12\" fill=\"none\" viewBox=\"0 0 12 12\">\n\t\t\t\t<path fill=\"#fff\" d=\"M2 0a2 2 0 0 0-2 2v2h1.5V2a.5.5 0 0 1 .5-.5h2V0H2Zm2 10.5H2a.5.5 0 0 1-.5-.5V8H0v2a2 2 0 0 0 2 2h2v-1.5ZM8 12v-1.5h2a.5.5 0 0 0 .5-.5V8H12v2a2 2 0 0 1-2 2H8Zm2-12a2 2 0 0 1 2 2v2h-1.5V2a.5.5 0 0 0-.5-.5H8V0h2Z\" \/>\n\t\t\t<\/svg>\n\t\t<\/button><\/figure>\n\n\n\n<figure data-wp-context=\"{&quot;imageId&quot;:&quot;69ecea5554ae2&quot;}\" data-wp-interactive=\"core\/image\" data-wp-key=\"69ecea5554ae2\" class=\"wp-block-image size-thumbnail is-style-thumbnail wp-lightbox-container\"><img loading=\"lazy\" decoding=\"async\" width=\"150\" height=\"150\" data-wp-class--hide=\"state.isContentHidden\" data-wp-class--show=\"state.isContentVisible\" data-wp-init=\"callbacks.setButtonStyles\" data-wp-on--click=\"actions.showLightbox\" data-wp-on--load=\"callbacks.setButtonStyles\" data-wp-on-window--resize=\"callbacks.setButtonStyles\" data-id=\"2284\" src=\"https:\/\/skymove.sk\/wp-content\/uploads\/2023\/11\/ps145607236-terrain_mapping_aerial_surveying_geosun_uav_lidar_system_gs_130x_high_precision-150x150.jpg\" alt=\"\" class=\"wp-image-2284\"\/><button\n\t\t\tclass=\"lightbox-trigger\"\n\t\t\ttype=\"button\"\n\t\t\taria-haspopup=\"dialog\"\n\t\t\taria-label=\"Vergr\u00f6\u00dfern\"\n\t\t\tdata-wp-init=\"callbacks.initTriggerButton\"\n\t\t\tdata-wp-on--click=\"actions.showLightbox\"\n\t\t\tdata-wp-style--right=\"state.imageButtonRight\"\n\t\t\tdata-wp-style--top=\"state.imageButtonTop\"\n\t\t>\n\t\t\t<svg xmlns=\"http:\/\/www.w3.org\/2000\/svg\" width=\"12\" height=\"12\" fill=\"none\" viewBox=\"0 0 12 12\">\n\t\t\t\t<path fill=\"#fff\" d=\"M2 0a2 2 0 0 0-2 2v2h1.5V2a.5.5 0 0 1 .5-.5h2V0H2Zm2 10.5H2a.5.5 0 0 1-.5-.5V8H0v2a2 2 0 0 0 2 2h2v-1.5ZM8 12v-1.5h2a.5.5 0 0 0 .5-.5V8H12v2a2 2 0 0 1-2 2H8Zm2-12a2 2 0 0 1 2 2v2h-1.5V2a.5.5 0 0 0-.5-.5H8V0h2Z\" \/>\n\t\t\t<\/svg>\n\t\t<\/button><\/figure>\n\n\n\n<figure data-wp-context=\"{&quot;imageId&quot;:&quot;69ecea5555bbf&quot;}\" data-wp-interactive=\"core\/image\" data-wp-key=\"69ecea5555bbf\" class=\"wp-block-image size-thumbnail is-style-thumbnail wp-lightbox-container\"><img loading=\"lazy\" decoding=\"async\" width=\"150\" height=\"150\" data-wp-class--hide=\"state.isContentHidden\" data-wp-class--show=\"state.isContentVisible\" data-wp-init=\"callbacks.setButtonStyles\" data-wp-on--click=\"actions.showLightbox\" data-wp-on--load=\"callbacks.setButtonStyles\" data-wp-on-window--resize=\"callbacks.setButtonStyles\" data-id=\"2287\" src=\"https:\/\/skymove.sk\/wp-content\/uploads\/2023\/11\/ps145607233-terrain_mapping_aerial_surveying_geosun_uav_lidar_system_gs_130x_high_precision-150x150.jpg\" alt=\"\" class=\"wp-image-2287\" srcset=\"https:\/\/skymove.sk\/wp-content\/uploads\/2023\/11\/ps145607233-terrain_mapping_aerial_surveying_geosun_uav_lidar_system_gs_130x_high_precision-150x150.jpg 150w, https:\/\/skymove.sk\/wp-content\/uploads\/2023\/11\/ps145607233-terrain_mapping_aerial_surveying_geosun_uav_lidar_system_gs_130x_high_precision-300x300.jpg 300w, https:\/\/skymove.sk\/wp-content\/uploads\/2023\/11\/ps145607233-terrain_mapping_aerial_surveying_geosun_uav_lidar_system_gs_130x_high_precision-1024x1024.jpg 1024w, https:\/\/skymove.sk\/wp-content\/uploads\/2023\/11\/ps145607233-terrain_mapping_aerial_surveying_geosun_uav_lidar_system_gs_130x_high_precision-768x768.jpg 768w, https:\/\/skymove.sk\/wp-content\/uploads\/2023\/11\/ps145607233-terrain_mapping_aerial_surveying_geosun_uav_lidar_system_gs_130x_high_precision-1536x1536.jpg 1536w, https:\/\/skymove.sk\/wp-content\/uploads\/2023\/11\/ps145607233-terrain_mapping_aerial_surveying_geosun_uav_lidar_system_gs_130x_high_precision-2048x2048.jpg 2048w\" sizes=\"auto, (max-width: 150px) 100vw, 150px\" \/><button\n\t\t\tclass=\"lightbox-trigger\"\n\t\t\ttype=\"button\"\n\t\t\taria-haspopup=\"dialog\"\n\t\t\taria-label=\"Vergr\u00f6\u00dfern\"\n\t\t\tdata-wp-init=\"callbacks.initTriggerButton\"\n\t\t\tdata-wp-on--click=\"actions.showLightbox\"\n\t\t\tdata-wp-style--right=\"state.imageButtonRight\"\n\t\t\tdata-wp-style--top=\"state.imageButtonTop\"\n\t\t>\n\t\t\t<svg xmlns=\"http:\/\/www.w3.org\/2000\/svg\" width=\"12\" height=\"12\" fill=\"none\" viewBox=\"0 0 12 12\">\n\t\t\t\t<path fill=\"#fff\" d=\"M2 0a2 2 0 0 0-2 2v2h1.5V2a.5.5 0 0 1 .5-.5h2V0H2Zm2 10.5H2a.5.5 0 0 1-.5-.5V8H0v2a2 2 0 0 0 2 2h2v-1.5ZM8 12v-1.5h2a.5.5 0 0 0 .5-.5V8H12v2a2 2 0 0 1-2 2H8Zm2-12a2 2 0 0 1 2 2v2h-1.5V2a.5.5 0 0 0-.5-.5H8V0h2Z\" \/>\n\t\t\t<\/svg>\n\t\t<\/button><\/figure>\n<\/figure>\n<\/div>\n\n\n\n<figure class=\"wp-block-table is-style-stripes\"><table class=\"has-fixed-layout\"><tbody><tr><td>Genauigkeit<\/td><td><\/td><\/tr><tr><td>Dichte der Punkte<\/td><td><\/td><\/tr><tr><td>Abmessungen<\/td><td><\/td><\/tr><tr><td>Gewicht<\/td><td><\/td><\/tr><tr><td>Geschwindigkeit der Messung<\/td><td><\/td><\/tr><tr><td>Kamera<\/td><td><\/td><\/tr><\/tbody><\/table><\/figure>\n\n\n\n<p style=\"line-height:1.5\">Das GS-130X ist ein fortschrittliches und genaues LiDAR-Instrument f\u00fcr Messungen im Nah- und Fernbereich. Ein hervorragender HESAI XT 32-Kanal-Sensor liefert eine Wolke aus hochdichten Punkten aus einer H\u00f6he von bis zu 120 m und Bildinformationen von einer 26-Megapixel-Kamera. Es umfasst eine moderne POS-Einheit vom Typ 303. Selbst anspruchsvolle Benutzer erhalten das, was sie f\u00fcr ein schwieriges Projekt ben\u00f6tigen.<\/p>\n\n\n\n<p class=\"has-text-align-left\">Es zeichnet sich durch eine dichte Durchdringung der Vegetation, eine hohe Positions- und H\u00f6hengenauigkeit und eine schnelle Datenerfassung im Feld aus. Es bietet eine einfache und bequeme Bedienung, kann Punktwolkenmodelle in Echtfarben erzeugen und wird in vielen Bereichen wie Kartierung, Vermessung und Geod\u00e4sie eingesetzt.<\/p>\n\n\n\n<div class=\"wp-block-columns is-layout-flex wp-container-core-columns-is-layout-ea69a204 wp-block-columns-is-layout-flex\">\n<div class=\"wp-block-column has-global-padding is-layout-constrained wp-block-column-is-layout-constrained\">\n<figure class=\"wp-block-image size-large\"><img decoding=\"async\" src=\"https:\/\/skymove.sk\/wp-content\/uploads\/2023\/09\/lidar1.jpg\" alt=\"\" style=\"aspect-ratio:16\/9;object-fit:cover\"\/><\/figure>\n<\/div>\n\n\n\n<div class=\"wp-block-column has-global-padding is-layout-constrained wp-block-column-is-layout-constrained\">\n<figure class=\"wp-block-image size-large\"><img decoding=\"async\" src=\"https:\/\/skymove.sk\/wp-content\/uploads\/2023\/09\/Snimka.jpg\" alt=\"\" style=\"aspect-ratio:16\/9;object-fit:cover\"\/><\/figure>\n<\/div>\n<\/div>\n\n\n\n<p style=\"line-height:1.5\">Diese Art von LiDAR kann im Bauwesen, bei der Passportisierung und bei der anspruchsvollen Kartierung von Waldfl\u00e4chen eingesetzt werden. Auch f\u00fcr die Kartierung von Netzkorridoren, Bauobjekten und Stra\u00dfennetzen geeignet.<\/p>\n\n\n\n<ul class=\"wp-block-list\">\n<li>Verwendung f\u00fcr UAV, aber auch mobile Kartierung<\/li>\n\n\n\n<li>Kompatibel mit Planungssoftware<\/li>\n\n\n\n<li>Ein Werkzeug f\u00fcr anspruchsvolle Benutzer zu einem erschwinglichen Preis<\/li>\n\n\n\n<li>Liefert eine farbige Punktwolke in hoher Dichte und Pr\u00e4zision<\/li>\n<\/ul>\n<\/div>\n","protected":false},"excerpt":{"rendered":"<p>Das Profiwerkzeug f\u00fcr anspruchsvolle Aufgaben und hohe Pr\u00e4zision Genauigkeit Dichte der Punkte Abmessungen Gewicht Geschwindigkeit der Messung Kamera Das GS-130X ist ein fortschrittliches und genaues LiDAR-Instrument f\u00fcr Messungen im Nah- und Fernbereich. Ein hervorragender HESAI XT 32-Kanal-Sensor liefert eine Wolke aus hochdichten Punkten aus einer H\u00f6he von bis zu 120 m und Bildinformationen von einer [&hellip;]<\/p>\n","protected":false},"author":4,"featured_media":0,"parent":0,"menu_order":0,"comment_status":"closed","ping_status":"closed","template":"product","meta":{"advanced_seo_description":"","jetpack_seo_html_title":"","jetpack_seo_noindex":false,"footnotes":""},"class_list":["post-3149","page","type-page","status-publish","hentry"],"jetpack_shortlink":"https:\/\/wp.me\/Pfg0HK-ON","jetpack_sharing_enabled":true,"_links":{"self":[{"href":"https:\/\/skymove.sk\/de\/wp-json\/wp\/v2\/pages\/3149","targetHints":{"allow":["GET"]}}],"collection":[{"href":"https:\/\/skymove.sk\/de\/wp-json\/wp\/v2\/pages"}],"about":[{"href":"https:\/\/skymove.sk\/de\/wp-json\/wp\/v2\/types\/page"}],"author":[{"embeddable":true,"href":"https:\/\/skymove.sk\/de\/wp-json\/wp\/v2\/users\/4"}],"replies":[{"embeddable":true,"href":"https:\/\/skymove.sk\/de\/wp-json\/wp\/v2\/comments?post=3149"}],"version-history":[{"count":3,"href":"https:\/\/skymove.sk\/de\/wp-json\/wp\/v2\/pages\/3149\/revisions"}],"predecessor-version":[{"id":3152,"href":"https:\/\/skymove.sk\/de\/wp-json\/wp\/v2\/pages\/3149\/revisions\/3152"}],"wp:attachment":[{"href":"https:\/\/skymove.sk\/de\/wp-json\/wp\/v2\/media?parent=3149"}],"curies":[{"name":"wp","href":"https:\/\/api.w.org\/{rel}","templated":true}]}}