{"id":3065,"date":"2023-08-30T10:28:22","date_gmt":"2023-08-30T08:28:22","guid":{"rendered":"https:\/\/skymove.sk\/foerderung-der-fachlichen-und-digitalen-kompetenzen-der-skymove-mitarbeiter\/"},"modified":"2024-09-23T01:28:36","modified_gmt":"2024-09-22T23:28:36","slug":"podpora-profesijnych-a-digitalnych-zrucnosti-zamestnancov-spolocnosti-skymove-s-r-o","status":"publish","type":"page","link":"https:\/\/skymove.sk\/de\/podpora-profesijnych-a-digitalnych-zrucnosti-zamestnancov-spolocnosti-skymove-s-r-o\/","title":{"rendered":"F\u00f6rderung der fachlichen und digitalen Kompetenzen der SKYMOVE-Mitarbeiter r. o."},"content":{"rendered":"\n<div class=\"wp-block-group has-accent-background-color has-background has-global-padding is-layout-constrained wp-block-group-is-layout-constrained\">\n<div class=\"wp-block-group is-content-justification-left is-layout-flex wp-container-core-group-is-layout-373b8698 wp-block-group-is-layout-flex\" style=\"padding-bottom:var(--wp--preset--spacing--20)\">\n<figure class=\"wp-block-image size-large is-resized\"><img decoding=\"async\" src=\"https:\/\/next.skymove.sk\/wp-content\/uploads\/2023\/08\/EU.ESF_.EFRR_-757x1024.png\" alt=\"\" class=\"wp-image-155\" style=\"width:100px\" width=\"100\" srcset=\"https:\/\/skymove.sk\/wp-content\/uploads\/2023\/08\/EU.ESF_.EFRR_-757x1024.png 757w, https:\/\/skymove.sk\/wp-content\/uploads\/2023\/08\/EU.ESF_.EFRR_-222x300.png 222w, https:\/\/skymove.sk\/wp-content\/uploads\/2023\/08\/EU.ESF_.EFRR_-768x1038.png 768w, https:\/\/skymove.sk\/wp-content\/uploads\/2023\/08\/EU.ESF_.EFRR_.png 1000w\" sizes=\"(max-width: 757px) 100vw, 757px\" \/><\/figure>\n\n\n\n<figure class=\"wp-block-image size-large is-resized\"><img decoding=\"async\" src=\"https:\/\/next.skymove.sk\/wp-content\/uploads\/2023\/08\/OPLZ-487x1024.png\" alt=\"\" class=\"wp-image-156\" style=\"width:70px\" width=\"70\" srcset=\"https:\/\/skymove.sk\/wp-content\/uploads\/2023\/08\/OPLZ-487x1024.png 487w, https:\/\/skymove.sk\/wp-content\/uploads\/2023\/08\/OPLZ-143x300.png 143w, https:\/\/skymove.sk\/wp-content\/uploads\/2023\/08\/OPLZ-768x1615.png 768w, https:\/\/skymove.sk\/wp-content\/uploads\/2023\/08\/OPLZ-730x1536.png 730w, https:\/\/skymove.sk\/wp-content\/uploads\/2023\/08\/OPLZ-974x2048.png 974w, https:\/\/skymove.sk\/wp-content\/uploads\/2023\/08\/OPLZ.png 1000w\" sizes=\"(max-width: 487px) 100vw, 487px\" \/><\/figure>\n\n\n\n<figure class=\"wp-block-image size-full is-resized\"><img decoding=\"async\" src=\"https:\/\/next.skymove.sk\/wp-content\/uploads\/2023\/08\/MPSVR-1.png\" alt=\"\" class=\"wp-image-163\" style=\"width:200px\" width=\"200\" srcset=\"https:\/\/skymove.sk\/wp-content\/uploads\/2023\/08\/MPSVR-1.png 1000w, https:\/\/skymove.sk\/wp-content\/uploads\/2023\/08\/MPSVR-1-300x95.png 300w, https:\/\/skymove.sk\/wp-content\/uploads\/2023\/08\/MPSVR-1-768x243.png 768w\" sizes=\"(max-width: 1000px) 100vw, 1000px\" \/><\/figure>\n<\/div>\n<\/div>\n\n<div class=\"wp-block-group has-global-padding is-layout-constrained wp-container-core-group-is-layout-eb528312 wp-block-group-is-layout-constrained\" style=\"padding-top:var(--wp--preset--spacing--30);padding-bottom:var(--wp--preset--spacing--40)\">\n<p class=\"has-fluid-font-size\"><strong>Hauptziel des Projekts:<\/strong> Ziel des Projekts ist es, fortgeschrittene berufliche F\u00e4higkeiten zu erwerben und auszubauen, um die ausreichende fachliche Kompetenz der internen Mitarbeiter der Firma SKYMOVE s. r. o. sicherzustellen. f\u00fcr die Durchf\u00fchrung von Arbeiten durch gezielte Aus- und Weiterbildung in Geod\u00e4sie und Luftbildkartierung. Das Projekt wird durch eine Hauptaktivit\u00e4t<strong> &#8222;<\/strong>Berufliche Entwicklung neuer F\u00e4higkeiten der Mitarbeiter, einschlie\u00dflich digitaler Kompetenzen<strong>&#8222;<\/strong> umgesetzt. Das Projekt wird von April 2023 bis November 2023 umgesetzt.<\/p>\n\n\n\n<p class=\"has-fluid-font-size\"><strong>Dieses Projekt wird vom Europ\u00e4ischen Sozialfonds ESF im Rahmen des operationellen Programms Humanressourcen unterst\u00fctzt.<\/strong><\/p>\n\n\n\n<div class=\"wp-block-group has-global-padding is-layout-constrained wp-block-group-is-layout-constrained\">\n<p><strong>Projekttyp:<\/strong> Bedarfsorientiertes Projekt<\/p>\n\n\n\n<p><strong>Projektlaufzeit:<\/strong> 04\/2023 \u2013 11\/2023 <\/p>\n\n\n\n<p><strong>H\u00f6chstbetrag des nicht r\u00fcckzahlbaren finanziellen Beitrags:<\/strong> 82 219,32 EUR <\/p>\n\n\n\n<p><strong>Leitungsgremium:<\/strong> Ministerium f\u00fcr Arbeit, Soziales und Familie der Slowakischen Republik <\/p>\n\n\n\n<p><strong>Die Hauptaktivit\u00e4ten des Projekts: <\/strong>Berufliche Entwicklung neuer Kompetenzen der Mitarbeiter, einschlie\u00dflich digitaler Kompetenzen <\/p>\n\n\n\n<p><strong>Links zur Websiten:<\/strong> <\/p>\n\n\n\n<p class=\"black\"><a href=\"http:\/\/www.ludskezdroje.gov.sk\/\"><u>www.ludskezdroje.gov.sk<\/u><\/a><\/p>\n\n\n\n<p class=\"black\"><a href=\"http:\/\/www.esf.gov.sk\/\"><u>www.esf.gov.sk<\/u><\/a><\/p>\n\n\n\n<p class=\"black\"><a href=\"http:\/\/www.skymove.sk\/\"><u>www.skymove.sk<\/u><\/a><\/p>\n<\/div>\n<\/div>\n","protected":false},"excerpt":{"rendered":"<p>Hauptziel des Projekts: Ziel des Projekts ist es, fortgeschrittene berufliche F\u00e4higkeiten zu erwerben und auszubauen, um die ausreichende fachliche Kompetenz der internen Mitarbeiter der Firma SKYMOVE s. r. o. sicherzustellen. f\u00fcr die Durchf\u00fchrung von Arbeiten durch gezielte Aus- und Weiterbildung in Geod\u00e4sie und Luftbildkartierung. Das Projekt wird durch eine Hauptaktivit\u00e4t &#8222;Berufliche Entwicklung neuer F\u00e4higkeiten der [&hellip;]<\/p>\n","protected":false},"author":1,"featured_media":0,"parent":0,"menu_order":0,"comment_status":"closed","ping_status":"closed","template":"","meta":{"advanced_seo_description":"","jetpack_seo_html_title":"","jetpack_seo_noindex":false,"footnotes":""},"class_list":["post-3065","page","type-page","status-publish","hentry"],"jetpack_shortlink":"https:\/\/wp.me\/Pfg0HK-Nr","jetpack_sharing_enabled":true,"_links":{"self":[{"href":"https:\/\/skymove.sk\/de\/wp-json\/wp\/v2\/pages\/3065","targetHints":{"allow":["GET"]}}],"collection":[{"href":"https:\/\/skymove.sk\/de\/wp-json\/wp\/v2\/pages"}],"about":[{"href":"https:\/\/skymove.sk\/de\/wp-json\/wp\/v2\/types\/page"}],"author":[{"embeddable":true,"href":"https:\/\/skymove.sk\/de\/wp-json\/wp\/v2\/users\/1"}],"replies":[{"embeddable":true,"href":"https:\/\/skymove.sk\/de\/wp-json\/wp\/v2\/comments?post=3065"}],"version-history":[{"count":7,"href":"https:\/\/skymove.sk\/de\/wp-json\/wp\/v2\/pages\/3065\/revisions"}],"predecessor-version":[{"id":3357,"href":"https:\/\/skymove.sk\/de\/wp-json\/wp\/v2\/pages\/3065\/revisions\/3357"}],"wp:attachment":[{"href":"https:\/\/skymove.sk\/de\/wp-json\/wp\/v2\/media?parent=3065"}],"curies":[{"name":"wp","href":"https:\/\/api.w.org\/{rel}","templated":true}]}}