{"id":3024,"date":"2023-08-24T13:41:52","date_gmt":"2023-08-24T11:41:52","guid":{"rendered":"https:\/\/skymove.sk\/datenschutz\/"},"modified":"2024-09-23T01:24:16","modified_gmt":"2024-09-22T23:24:16","slug":"privacy","status":"publish","type":"page","link":"https:\/\/skymove.sk\/de\/privacy\/","title":{"rendered":"Datenschutz"},"content":{"rendered":"\n<div class=\"wp-block-group has-global-padding is-layout-constrained wp-container-core-group-is-layout-50a9370c wp-block-group-is-layout-constrained\" style=\"margin-top:0;margin-bottom:0;padding-top:var(--wp--preset--spacing--30);padding-bottom:var(--wp--preset--spacing--30)\">\n<p>Um den Schutz der Daten, mit denen wir arbeiten, zu gew\u00e4hrleisten, haben wir die Prozesse gem\u00e4\u00df der ab 25.05.2018 g\u00fcltigen <a rel=\"noreferrer noopener\" href=\"https:\/\/skymove.sk\/gdpr\/\" target=\"_blank\"><u>DSGVO-Verordnung<\/u><\/a> angepasst. 5.\n2018.  Unsere internen Prozesse, die externe Kommunikation und Datenverarbeitung gew\u00e4hrleisten den Schutz Ihrer personenbezogenen Daten, die Sie uns im Rahmen rechtlicher Verwaltungsvorg\u00e4nge zur Verf\u00fcgung stellen. Die Daten, die wir ben\u00f6tigen und mit denen wir arbeiten, unterliegen der Regulierung, \u00fcber die Sie in <a rel=\"noreferrer noopener\" href=\"http:\/\/www.bpis.sk\/new\/index.php?page=gdpr.php\" target=\"_blank\">bpis.sk<\/a> mehr lesen k\u00f6nnen.<\/p>\n\n\n\n<h4 class=\"wp-block-heading\" id=\"cookies\" style=\"margin-top:var(--wp--preset--spacing--20);margin-bottom:var(--wp--preset--spacing--20)\">Cookie-Richtlinie<\/h4>\n\n\n\n<p>Unsere Website speichert Cookies auf Ihrem Ger\u00e4t. Wir verwenden Cookies, um Ihre Einstellungen zu speichern und Informationen dar\u00fcber zu erhalten, wie Sie unsere Website nutzen. Wir ben\u00f6tigen einige Cookies, damit unsere Website ordnungsgem\u00e4\u00df funktioniert. Auf der Seite <a href=\"#cookiesAndContentPolicySettings\">Cookie-Einstellungen<\/a> k\u00f6nnen Sie \u00e4ndern, welche Cookies auf Ihrem Ger\u00e4t gespeichert werden.<\/p>\n\n\n\n<h6 class=\"wp-block-heading\">Statistik<\/h6>\n\n\n\n<p>https:\/\/stats.wp.com\/<br\/>https:\/\/pixel.wp.com\/<\/p>\n\n\n\n<h6 class=\"wp-block-heading\">Google Maps<\/h6>\n\n\n\n<p>https:\/\/maps.googleapis.com\/<br\/>https:\/\/maps.google.com\/<br\/>https:\/\/maps.gstatic.com\/<br\/>https:\/\/www.google.com\/<\/p>\n\n\n\n<h6 class=\"wp-block-heading\">Vimeo<\/h6>\n\n\n\n<p>https:\/\/*.vimeo.com<\/p>\n<\/div>\n","protected":false},"excerpt":{"rendered":"<p>Um den Schutz der Daten, mit denen wir arbeiten, zu gew\u00e4hrleisten, haben wir die Prozesse gem\u00e4\u00df der ab 25.05.2018 g\u00fcltigen DSGVO-Verordnung angepasst. 5. 2018. Unsere internen Prozesse, die externe Kommunikation und Datenverarbeitung gew\u00e4hrleisten den Schutz Ihrer personenbezogenen Daten, die Sie uns im Rahmen rechtlicher Verwaltungsvorg\u00e4nge zur Verf\u00fcgung stellen. Die Daten, die wir ben\u00f6tigen und mit [&hellip;]<\/p>\n","protected":false},"author":1,"featured_media":0,"parent":0,"menu_order":0,"comment_status":"closed","ping_status":"open","template":"","meta":{"advanced_seo_description":"","jetpack_seo_html_title":"","jetpack_seo_noindex":false,"footnotes":""},"class_list":["post-3024","page","type-page","status-publish","hentry"],"jetpack_shortlink":"https:\/\/wp.me\/Pfg0HK-MM","jetpack_sharing_enabled":true,"_links":{"self":[{"href":"https:\/\/skymove.sk\/de\/wp-json\/wp\/v2\/pages\/3024","targetHints":{"allow":["GET"]}}],"collection":[{"href":"https:\/\/skymove.sk\/de\/wp-json\/wp\/v2\/pages"}],"about":[{"href":"https:\/\/skymove.sk\/de\/wp-json\/wp\/v2\/types\/page"}],"author":[{"embeddable":true,"href":"https:\/\/skymove.sk\/de\/wp-json\/wp\/v2\/users\/1"}],"replies":[{"embeddable":true,"href":"https:\/\/skymove.sk\/de\/wp-json\/wp\/v2\/comments?post=3024"}],"version-history":[{"count":6,"href":"https:\/\/skymove.sk\/de\/wp-json\/wp\/v2\/pages\/3024\/revisions"}],"predecessor-version":[{"id":3341,"href":"https:\/\/skymove.sk\/de\/wp-json\/wp\/v2\/pages\/3024\/revisions\/3341"}],"wp:attachment":[{"href":"https:\/\/skymove.sk\/de\/wp-json\/wp\/v2\/media?parent=3024"}],"curies":[{"name":"wp","href":"https:\/\/api.w.org\/{rel}","templated":true}]}}