{"id":3005,"date":"2023-08-27T22:26:26","date_gmt":"2023-08-27T20:26:26","guid":{"rendered":"https:\/\/skymove.sk\/kontakt\/"},"modified":"2024-09-23T01:00:42","modified_gmt":"2024-09-22T23:00:42","slug":"kontakt","status":"publish","type":"page","link":"https:\/\/skymove.sk\/de\/kontakt\/","title":{"rendered":"Kontakt"},"content":{"rendered":"\n<div class=\"wp-block-group has-accent-background-color has-background has-global-padding is-content-justification-center is-layout-constrained wp-container-core-group-is-layout-5201ffd0 wp-block-group-is-layout-constrained\" style=\"margin-top:0;margin-bottom:0;padding-top:var(--wp--preset--spacing--20);padding-right:var(--wp--preset--spacing--20);padding-bottom:var(--wp--preset--spacing--20);padding-left:var(--wp--preset--spacing--20)\">\n<div class=\"wp-block-group is-content-justification-space-between is-layout-flex wp-container-core-group-is-layout-a246ece8 wp-block-group-is-layout-flex\">\n<div class=\"wp-block-group is-vertical is-content-justification-left is-nowrap is-layout-flex wp-container-core-group-is-layout-98b7583c wp-block-group-is-layout-flex\">\n<figure class=\"wp-block-image size-full is-resized has-custom-border is-style-default wp-duotone-black-white\"><img loading=\"lazy\" decoding=\"async\" width=\"96\" height=\"96\" src=\"https:\/\/skymove.sk\/wp-content\/uploads\/2023\/11\/8_orgid_bb495c22-e55a-4aa7-ab29-b9eaeaccc5a2.jpg\" alt=\"\" class=\"wp-image-1944\" style=\"border-radius:100px;aspect-ratio:1;object-fit:cover;width:60px;height:undefinedpx\"\/><\/figure>\n\n\n\n<div class=\"wp-block-group is-vertical is-layout-flex wp-container-core-group-is-layout-4b827052 wp-block-group-is-layout-flex\">\n<p class=\"has-normal-font-size\">Bc. Lucia Kubov\u00e1<\/p>\n\n\n\n<p class=\"has-small-font-size\">Projektleiterin<\/p>\n<\/div>\n<\/div>\n\n\n\n<h4 class=\"wp-block-heading\">Wir sind bereit, Ihnen unsere Dienstleistungen und Produkte termingerecht und in der gew\u00fcnschten Qualit\u00e4t bereitzustellen. F\u00fcr Bestellungen, Rechnungen, Vertr\u00e4ge und administrative Fragen kontaktieren Sie uns.<\/h4>\n<\/div>\n<\/div>\n\n<section class=\"wp-block-group has-accent-background-color has-background has-global-padding is-layout-constrained wp-container-core-group-is-layout-7e1fc675 wp-block-group-is-layout-constrained\" style=\"padding-top:var(--wp--preset--spacing--20);padding-right:var(--wp--preset--spacing--20);padding-bottom:var(--wp--preset--spacing--40);padding-left:var(--wp--preset--spacing--20)\">\n<div class=\"wp-block-columns has-white-color has-text-color is-layout-flex wp-container-core-columns-is-layout-ea69a204 wp-block-columns-is-layout-flex\">\n<div class=\"wp-block-column has-black-color has-white-background-color has-text-color has-background has-global-padding is-layout-constrained wp-container-core-column-is-layout-4fbfba58 wp-block-column-is-layout-constrained\" style=\"padding-top:var(--wp--preset--spacing--20);padding-right:var(--wp--preset--spacing--20);padding-bottom:var(--wp--preset--spacing--20);padding-left:var(--wp--preset--spacing--20)\">\n<h4 class=\"wp-block-heading\">Rechnungsinformationen<\/h4>\n\n\n\n<div class=\"wp-block-group is-vertical is-layout-flex wp-container-core-group-is-layout-98bb686d wp-block-group-is-layout-flex\">\n<p class=\"wp-container-content-9cfa9a5a\">SKYMOVE s.r.o.<br\/>Kr\u00e1\u013eovsk\u00e9 \u00fadolie 20<br\/>811 02 Bratislava<br\/>Slowakei<\/p>\n\n\n\n<p>UID-Nr.: 514 425 58<br\/>Steuer-Nr.: 212 070 7160<br\/>USt-IdNr.: SK212 070 7160<\/p>\n<\/div>\n<\/div>\n\n\n\n<div class=\"wp-block-column has-black-color has-white-background-color has-text-color has-background has-global-padding is-layout-constrained wp-container-core-column-is-layout-4fbfba58 wp-block-column-is-layout-constrained\" style=\"padding-top:var(--wp--preset--spacing--20);padding-right:var(--wp--preset--spacing--20);padding-bottom:var(--wp--preset--spacing--20);padding-left:var(--wp--preset--spacing--20)\">\n<div class=\"wp-block-group is-vertical is-layout-flex wp-container-core-group-is-layout-ea0cb840 wp-block-group-is-layout-flex\">\n<h4 class=\"wp-block-heading\">Eshop<\/h4>\n\n\n\n<p>+421 948 822 230<br\/><a href=\"mailto:eshop@skymove.sk\">eshop@skymove.sk<\/a><\/p>\n<\/div>\n<\/div>\n\n\n\n<div class=\"wp-block-column has-black-color has-white-background-color has-text-color has-background has-global-padding is-layout-constrained wp-container-core-column-is-layout-4fbfba58 wp-block-column-is-layout-constrained\" style=\"padding-top:var(--wp--preset--spacing--20);padding-right:var(--wp--preset--spacing--20);padding-bottom:var(--wp--preset--spacing--20);padding-left:var(--wp--preset--spacing--20)\">\n<div class=\"wp-block-group is-vertical is-layout-flex wp-container-core-group-is-layout-ea0cb840 wp-block-group-is-layout-flex\">\n<h4 class=\"wp-block-heading\">Unterst\u00fctzung<\/h4>\n\n\n\n<p>+421 950 354 667<br\/><a href=\"mailto:podpora@skymove.sk\">podpora@skymove.sk<\/a><\/p>\n<\/div>\n<\/div>\n<\/div>\n<\/section>\n\n<div class=\"wp-block-group has-global-padding is-layout-constrained wp-block-group-is-layout-constrained\" style=\"padding-top:var(--wp--preset--spacing--40);padding-bottom:var(--wp--preset--spacing--20)\">\n<h3 class=\"wp-block-heading\">Hinterlassen Sie uns eine Nachricht<\/h3>\n\n\n\n<form method=\"post\" class=\"wp-block-gutena-forms gutena-forms-nechajte-n\u00e1m-spr\u00e1vu gutena_forms_ID_74b6b3fbe5_3010202393845 after_submit_message has-placeholder-font-family is-layout-flow wp-container-gutena-forms-is-layout-53b7c5a2 wp-block-gutena-forms-is-layout-flow\" style=\"margin-top:var(--wp--preset--spacing--20);margin-right:var(--wp--preset--spacing--20);margin-bottom:var(--wp--preset--spacing--20);margin-left:var(--wp--preset--spacing--20);padding-top:0rem;padding-right:0;padding-bottom:0rem;padding-left:0\"><input type=\"hidden\" name=\"formid\" value=\"gutena_forms_ID_74b6b3fbe5_3010202393845\"\/>\n<div class=\"wp-block-columns alignfull are-vertically-aligned-top is-layout-flex wp-container-core-columns-is-layout-87beb0d0 wp-block-columns-is-layout-flex\">\n<div class=\"wp-block-column is-vertically-aligned-top is-layout-flow wp-block-column-is-layout-flow\">\n<div class=\"wp-block-gutena-field-group  field-group-type-text is-layout-flow wp-block-gutena-field-group-is-layout-flow\">\n<div class=\"wp-block-group is-vertical is-layout-flex wp-container-core-group-is-layout-501cef26 wp-block-group-is-layout-flex\">\n<h6 class=\"wp-block-heading heading-input-label-gutena\">Name<\/h6>\n\n\n<div class=\"gutena-forms-text-field field-name-f_0  is-style-default wp-block-gutena-form-field\"><input \n\t\t\t\t name=\"f_0\" type=\"text\" class=\"gutena-forms-field text-field required-field  \"  required \n\t\t\t\t\/><\/div><\/div>\n\n\n\n<p class=\"gutena-forms-field-error-msg\"><\/p>\n<\/div>\n<\/div>\n\n\n\n<div class=\"wp-block-column is-vertically-aligned-top is-layout-flow wp-block-column-is-layout-flow\">\n<div class=\"wp-block-gutena-field-group  field-group-type-text is-layout-flow wp-block-gutena-field-group-is-layout-flow\">\n<div class=\"wp-block-group is-vertical is-layout-flex wp-container-core-group-is-layout-501cef26 wp-block-group-is-layout-flex\">\n<h6 class=\"wp-block-heading heading-input-label-gutena\">Familienname<\/h6>\n\n\n<div class=\"gutena-forms-text-field field-name-f_1  wp-block-gutena-form-field\"><input \n\t\t\t\t name=\"f_1\" type=\"text\" class=\"gutena-forms-field text-field required-field  \"  required \n\t\t\t\t\/><\/div><\/div>\n\n\n\n<p class=\"gutena-forms-field-error-msg\"><\/p>\n<\/div>\n<\/div>\n<\/div>\n\n\n\n<div class=\"wp-block-columns alignfull are-vertically-aligned-top is-layout-flex wp-container-core-columns-is-layout-87beb0d0 wp-block-columns-is-layout-flex\">\n<div class=\"wp-block-column is-vertically-aligned-top is-layout-flow wp-block-column-is-layout-flow\">\n<div class=\"wp-block-gutena-field-group  field-group-type-text is-layout-flow wp-block-gutena-field-group-is-layout-flow\">\n<div class=\"wp-block-group is-vertical is-layout-flex wp-container-core-group-is-layout-501cef26 wp-block-group-is-layout-flex\">\n<h6 class=\"wp-block-heading heading-input-label-gutena\">Betreff<\/h6>\n\n\n<div class=\"gutena-forms-text-field field-name-f_2  wp-block-gutena-form-field\"><input \n\t\t\t\t name=\"f_2\" type=\"text\" class=\"gutena-forms-field text-field required-field  \"  required \n\t\t\t\t\/><\/div><\/div>\n\n\n\n<p class=\"gutena-forms-field-error-msg\"><\/p>\n<\/div>\n<\/div>\n\n\n\n<div class=\"wp-block-column is-vertically-aligned-top is-layout-flow wp-block-column-is-layout-flow\">\n<div class=\"wp-block-gutena-field-group  field-group-type-email is-layout-flow wp-block-gutena-field-group-is-layout-flow\">\n<div class=\"wp-block-group is-vertical is-layout-flex wp-container-core-group-is-layout-501cef26 wp-block-group-is-layout-flex\">\n<h6 class=\"wp-block-heading heading-input-label-gutena\">Ihre E-Mail-Adresse<\/h6>\n\n\n<div class=\"gutena-forms-email-field field-name-f_3  wp-block-gutena-form-field\"><input \n\t\t\t\t name=\"f_3\" type=\"email\" class=\"gutena-forms-field email-field required-field  \"  required \n\t\t\t\t\/><\/div><\/div>\n\n\n\n<p class=\"gutena-forms-field-error-msg\"><\/p>\n<\/div>\n<\/div>\n<\/div>\n\n\n\n<div class=\"wp-block-columns alignfull are-vertically-aligned-top is-layout-flex wp-container-core-columns-is-layout-28f84493 wp-block-columns-is-layout-flex\">\n<div class=\"wp-block-column is-vertically-aligned-top is-layout-flow wp-block-column-is-layout-flow\">\n<div class=\"wp-block-gutena-field-group  field-group-type-textarea is-layout-flow wp-block-gutena-field-group-is-layout-flow\">\n<div class=\"wp-block-group is-vertical is-layout-flex wp-container-core-group-is-layout-501cef26 wp-block-group-is-layout-flex\">\n<h6 class=\"wp-block-heading heading-input-label-gutena\">Ihre Nachricht<\/h6>\n\n\n<div class=\"gutena-forms-textarea-field field-name-f_4  wp-block-gutena-form-field\"><textarea \n\t\t\t\t name=\"f_4\" rows=\"5\" class=\"gutena-forms-field textarea-field required-field  \"  required \n\t\t\t\t><\/textarea><\/div><\/div>\n\n\n\n<p class=\"gutena-forms-field-error-msg\"><\/p>\n<\/div>\n<\/div>\n<\/div>\n\n\n\n<div class=\"wp-block-columns alignfull are-vertically-aligned-top is-layout-flex wp-container-core-columns-is-layout-28f84493 wp-block-columns-is-layout-flex\">\n<div class=\"wp-block-column is-vertically-aligned-top is-layout-flow wp-block-column-is-layout-flow\">\n<div class=\"wp-block-buttons gutena-forms-submit-buttons is-layout-flex wp-block-buttons-is-layout-flex\">\n<div class=\"wp-block-button gutena-forms-submit-button\"><button class=\"wp-block-button__link wp-element-button\">Nachricht senden<\/button><\/div>\n<\/div>\n<\/div>\n<\/div>\n\n\n\n<div class=\"wp-block-gutena-form-confirm-msg alignfull is-layout-flow wp-block-gutena-form-confirm-msg-is-layout-flow\">\n<div class=\"wp-block-group has-background is-content-justification-left is-nowrap is-layout-flex wp-container-core-group-is-layout-2af68777 wp-block-group-is-layout-flex\" style=\"border-radius:0px;background-color:#d8eacc;padding-top:var(--wp--preset--spacing--20);padding-right:var(--wp--preset--spacing--20);padding-bottom:var(--wp--preset--spacing--20);padding-left:var(--wp--preset--spacing--20)\">\n<figure class=\"wp-block-image size-large form-message-icon\"><img decoding=\"async\" src=\"data:image\/svg+xml;base64,PHN2ZyB3aWR0aD0iMTYiIGhlaWdodD0iMTYiIHZpZXdCb3g9IjAgMCAxNiAxNiIgZmlsbD0ibm9uZSIgeG1sbnM9Imh0dHA6Ly93d3cudzMub3JnLzIwMDAvc3ZnIj4KPHBhdGggZD0iTTggMTZDMy41ODE2IDE2IDAgMTIuNDE4NCAwIDhDMCAzLjU4MTYgMy41ODE2IDAgOCAwQzEyLjQxODQgMCAxNiAzLjU4MTYgMTYgOEMxNiAxMi40MTg0IDEyLjQxODQgMTYgOCAxNlpNOCAxNC40QzkuNjk3MzkgMTQuNCAxMS4zMjUzIDEzLjcyNTcgMTIuNTI1NSAxMi41MjU1QzEzLjcyNTcgMTEuMzI1MyAxNC40IDkuNjk3MzkgMTQuNCA4QzE0LjQgNi4zMDI2MSAxMy43MjU3IDQuNjc0NzUgMTIuNTI1NSAzLjQ3NDUyQzExLjMyNTMgMi4yNzQyOCA5LjY5NzM5IDEuNiA4IDEuNkM2LjMwMjYxIDEuNiA0LjY3NDc1IDIuMjc0MjggMy40NzQ1MiAzLjQ3NDUyQzIuMjc0MjggNC42NzQ3NSAxLjYgNi4zMDI2MSAxLjYgOEMxLjYgOS42OTczOSAyLjI3NDI4IDExLjMyNTMgMy40NzQ1MiAxMi41MjU1QzQuNjc0NzUgMTMuNzI1NyA2LjMwMjYxIDE0LjQgOCAxNC40Wk03LjIwMjQgMTEuMkwzLjgwOCA3LjgwNTZMNC45MzkyIDYuNjc0NEw3LjIwMjQgOC45Mzc2TDExLjcyNzIgNC40MTJMMTIuODU5MiA1LjU0MzJMNy4yMDI0IDExLjJaIiBmaWxsPSIjNDY4NDFFIi8+Cjwvc3ZnPgo=\" alt=\"Erfolg\" class=\"wp-image-3811\" style=\"aspect-ratio:1;object-fit:cover\"\/><\/figure>\n\n\n\n<p class=\"has-black-color has-text-color has-normal-font-size\">Ihre Nachricht wurde erfolgreich versendet<\/p>\n<\/div>\n<\/div>\n\n\n\n<div class=\"wp-block-gutena-form-error-msg alignfull is-layout-flow wp-block-gutena-form-error-msg-is-layout-flow\">\n<div class=\"wp-block-group has-background is-content-justification-left is-nowrap is-layout-flex wp-container-core-group-is-layout-b061fc53 wp-block-group-is-layout-flex\" style=\"border-radius:0px;background-color:#ffd3d3;margin-top:0;margin-bottom:0;padding-top:var(--wp--preset--spacing--20);padding-right:var(--wp--preset--spacing--20);padding-bottom:var(--wp--preset--spacing--20);padding-left:var(--wp--preset--spacing--20)\">\n<figure class=\"wp-block-image size-large form-message-icon\"><img decoding=\"async\" src=\"data:image\/svg+xml;base64,PHN2ZyB3aWR0aD0iMTYiIGhlaWdodD0iMTYiIHZpZXdCb3g9IjAgMCAxNiAxNiIgZmlsbD0ibm9uZSIgeG1sbnM9Imh0dHA6Ly93d3cudzMub3JnLzIwMDAvc3ZnIj4KPHBhdGggZD0iTTggMTZDMy41ODE2IDE2IDAgMTIuNDE4NCAwIDhDMCAzLjU4MTYgMy41ODE2IDAgOCAwQzEyLjQxODQgMCAxNiAzLjU4MTYgMTYgOEMxNiAxMi40MTg0IDEyLjQxODQgMTYgOCAxNlpNOCAxNC40QzkuNjk3MzkgMTQuNCAxMS4zMjUzIDEzLjcyNTcgMTIuNTI1NSAxMi41MjU1QzEzLjcyNTcgMTEuMzI1MyAxNC40IDkuNjk3MzkgMTQuNCA4QzE0LjQgNi4zMDI2MSAxMy43MjU3IDQuNjc0NzUgMTIuNTI1NSAzLjQ3NDUyQzExLjMyNTMgMi4yNzQyOCA5LjY5NzM5IDEuNiA4IDEuNkM2LjMwMjYxIDEuNiA0LjY3NDc1IDIuMjc0MjggMy40NzQ1MiAzLjQ3NDUyQzIuMjc0MjggNC42NzQ3NSAxLjYgNi4zMDI2MSAxLjYgOEMxLjYgOS42OTczOSAyLjI3NDI4IDExLjMyNTMgMy40NzQ1MiAxMi41MjU1QzQuNjc0NzUgMTMuNzI1NyA2LjMwMjYxIDE0LjQgOCAxNC40Wk03LjIgMTAuNEg4LjhWMTJINy4yVjEwLjRaTTcuMiA0SDguOFY4LjhINy4yVjRaIiBmaWxsPSIjQzUxOTE5Ii8+Cjwvc3ZnPgo=\" alt=\"Fehler\" class=\"wp-image-3811\" style=\"aspect-ratio:1;object-fit:cover\"\/><\/figure>\n\n\n\n<p class=\"gutena-forms-error-text has-black-color has-text-color has-normal-font-size\">Bitte \u00fcberpr\u00fcfen Sie das Formular auf Fehler. Ihre Nachricht wurde noch nicht gesendet.<\/p>\n<\/div>\n<\/div>\n<\/form>\n<\/div>\n\n<div class=\"wp-block-group has-global-padding is-layout-constrained wp-container-core-group-is-layout-1185f063 wp-block-group-is-layout-constrained\" style=\"padding-top:var(--wp--preset--spacing--40);padding-right:var(--wp--preset--spacing--20);padding-bottom:var(--wp--preset--spacing--40);padding-left:var(--wp--preset--spacing--20)\">\n<h3 class=\"wp-block-heading\">Bevorzugen Sie den pers\u00f6nlichen Kontakt?<\/h3>\n\n\n\n<p>Wir freuen uns, Sie in unserem B\u00fcro in der Myjavsk\u00e1 Stra\u00dfe begr\u00fc\u00dfen zu d\u00fcrfen. In einer angenehmen und ruhigen Umgebung mit Blick auf Bratislava Slav\u00edn und das Stadtbild k\u00f6nnen wir \u00fcber Ihr Projekt sitzen, erfolgreich sein und ein Problem l\u00f6sen oder eine Zusammenarbeit beginnen.<\/p>\n<\/div>\n\n<div class=\"wp-block-group map is-layout-flow wp-block-group-is-layout-flow\">\n<div class=\"map-container\" id=\"map\"><\/div>\n\n\n\n<div class=\"wp-block-group cover-relative has-global-padding is-content-justification-right is-layout-constrained wp-container-core-group-is-layout-f1f2ed93 wp-block-group-is-layout-constrained\">\n<div class=\"wp-block-group contact has-white-background-color has-background has-global-padding is-content-justification-left is-layout-constrained wp-container-core-group-is-layout-5d1a488a wp-block-group-is-layout-constrained\" style=\"margin-top:0;margin-bottom:0;padding-top:var(--wp--preset--spacing--30);padding-right:var(--wp--preset--spacing--30);padding-bottom:var(--wp--preset--spacing--30);padding-left:var(--wp--preset--spacing--30)\">\n<h3 class=\"wp-block-heading\" style=\"font-style:normal;font-weight:700\">B\u00fcro<\/h3>\n\n\n\n<div class=\"wp-block-group is-vertical is-layout-flex wp-container-core-group-is-layout-ea0cb840 wp-block-group-is-layout-flex\">\n<h6 class=\"wp-block-heading has-outline-color has-text-color has-normal-font-size\" style=\"font-style:normal;font-weight:600\">Korrespondenz-Adresse<\/h6>\n\n\n\n<p>Myjavsk\u00e1 2\/A<br\/>811 03 Bratislava<br\/>Slowakei<br\/><br\/>+421 950 354 667<br\/><a href=\"mailto:info@skymove.sk\">info@skymove.sk<\/a><\/p>\n<\/div>\n\n\n\n<div class=\"wp-block-buttons is-content-justification-space-between is-layout-flex wp-container-core-buttons-is-layout-d36a73af wp-block-buttons-is-layout-flex\">\n<div class=\"wp-block-button\"><a class=\"wp-block-button__link wp-element-button\" href=\"mailto:info@skymove.sk\">Kontaktieren Sie uns<\/a><\/div>\n<\/div>\n<\/div>\n<\/div>\n<\/div>\n","protected":false},"excerpt":{"rendered":"<p>Bc. Lucia Kubov\u00e1 Projektleiterin Wir sind bereit, Ihnen unsere Dienstleistungen und Produkte termingerecht und in der gew\u00fcnschten Qualit\u00e4t bereitzustellen. F\u00fcr Bestellungen, Rechnungen, Vertr\u00e4ge und administrative Fragen kontaktieren Sie uns. Rechnungsinformationen SKYMOVE s.r.o.Kr\u00e1\u013eovsk\u00e9 \u00fadolie 20811 02 BratislavaSlowakei UID-Nr.: 514 425 58Steuer-Nr.: 212 070 7160USt-IdNr.: SK212 070 7160 Eshop +421 948 822 230eshop@skymove.sk Unterst\u00fctzung +421 950 354 [&hellip;]<\/p>\n","protected":false},"author":1,"featured_media":0,"parent":0,"menu_order":0,"comment_status":"closed","ping_status":"closed","template":"","meta":{"advanced_seo_description":"","jetpack_seo_html_title":"","jetpack_seo_noindex":false,"footnotes":""},"class_list":["post-3005","page","type-page","status-publish","hentry"],"jetpack_shortlink":"https:\/\/wp.me\/Pfg0HK-Mt","jetpack_sharing_enabled":true,"_links":{"self":[{"href":"https:\/\/skymove.sk\/de\/wp-json\/wp\/v2\/pages\/3005","targetHints":{"allow":["GET"]}}],"collection":[{"href":"https:\/\/skymove.sk\/de\/wp-json\/wp\/v2\/pages"}],"about":[{"href":"https:\/\/skymove.sk\/de\/wp-json\/wp\/v2\/types\/page"}],"author":[{"embeddable":true,"href":"https:\/\/skymove.sk\/de\/wp-json\/wp\/v2\/users\/1"}],"replies":[{"embeddable":true,"href":"https:\/\/skymove.sk\/de\/wp-json\/wp\/v2\/comments?post=3005"}],"version-history":[{"count":6,"href":"https:\/\/skymove.sk\/de\/wp-json\/wp\/v2\/pages\/3005\/revisions"}],"predecessor-version":[{"id":3303,"href":"https:\/\/skymove.sk\/de\/wp-json\/wp\/v2\/pages\/3005\/revisions\/3303"}],"wp:attachment":[{"href":"https:\/\/skymove.sk\/de\/wp-json\/wp\/v2\/media?parent=3005"}],"curies":[{"name":"wp","href":"https:\/\/api.w.org\/{rel}","templated":true}]}}