{"id":2980,"date":"2023-08-27T22:25:37","date_gmt":"2023-08-27T20:25:37","guid":{"rendered":"https:\/\/skymove.sk\/eshop\/"},"modified":"2024-09-23T01:17:25","modified_gmt":"2024-09-22T23:17:25","slug":"eshop","status":"publish","type":"page","link":"https:\/\/skymove.sk\/de\/eshop\/","title":{"rendered":"Eshop"},"content":{"rendered":"\n<div class=\"wp-block-group has-accent-background-color has-background has-global-padding is-layout-constrained wp-block-group-is-layout-constrained\">\n<h4 class=\"wp-block-heading has-large-font-size\" style=\"margin-bottom:var(--wp--preset--spacing--10)\">Wir sind offizieller Distributor von GEOSUN und BLV Tech Produkten.<\/h4>\n<\/div>\n\n<figure class=\"wp-block-image size-full is-resized is-style-title wp-duotone-unset-1\"><img loading=\"lazy\" decoding=\"async\" width=\"2560\" height=\"1707\" src=\"https:\/\/skymove.sk\/wp-content\/uploads\/2023\/10\/P3590945-scaled.jpg\" alt=\"\" class=\"wp-image-1200\" style=\"aspect-ratio:16\/9;object-fit:cover;height:400px\" srcset=\"https:\/\/skymove.sk\/wp-content\/uploads\/2023\/10\/P3590945-scaled.jpg 2560w, https:\/\/skymove.sk\/wp-content\/uploads\/2023\/10\/P3590945-300x200.jpg 300w, https:\/\/skymove.sk\/wp-content\/uploads\/2023\/10\/P3590945-1024x683.jpg 1024w, https:\/\/skymove.sk\/wp-content\/uploads\/2023\/10\/P3590945-768x512.jpg 768w, https:\/\/skymove.sk\/wp-content\/uploads\/2023\/10\/P3590945-1536x1024.jpg 1536w, https:\/\/skymove.sk\/wp-content\/uploads\/2023\/10\/P3590945-2048x1365.jpg 2048w\" sizes=\"auto, (max-width: 2560px) 100vw, 2560px\" \/><\/figure>\n\n<div class=\"wp-block-group has-global-padding is-layout-constrained wp-container-core-group-is-layout-208d3ec5 wp-block-group-is-layout-constrained\" style=\"padding-top:var(--wp--preset--spacing--20);padding-right:var(--wp--preset--spacing--20);padding-bottom:var(--wp--preset--spacing--20);padding-left:var(--wp--preset--spacing--20)\">\n<p class=\"has-fluid-font-size\"><strong>Die LiDAR-Technologie<\/strong> ist ein Mess- und Fernerkundungsverfahren. Dank der Verwendung von Laserstrahlen kann es <strong>eine originalgetreue 3D-Umgebung<\/strong> abbilden und replizieren. Sein Einsatzbereich ist wirklich vielf\u00e4ltig. Es wird in vielen Branchen eingesetzt, in der Geod\u00e4sie, Geographie, Geomorphologie, Seismologie, Pr\u00e4zisionslandwirtschaft, Forstwirtschaft, Bergbau und Steinbr\u00fcche, Stra\u00dfen und Eisenbahnen, Infrastrukturinspektion, M\u00fclldeponien, Wasserwirtschaft, Stromleitungen und Arch\u00e4ologie.  <\/p>\n\n\n\n<p class=\"has-fluid-font-size\">Die Wahl der richtigen L\u00f6sung und der Einsatz von LiDAR kann kompliziert sein. SKYMOVE bietet ein komplettes Hardware- und Softwarepaket und mehrere Optionen, um den Anforderungen an Anwendungen, Leistung und einem g\u00fcnstigen Preis gerecht zu werden. Unser Expertenteam kann Ihnen bei der Auswahl der richtigen L\u00f6sung f\u00fcr Ihren Schwerpunkt und Ihre Projekte helfen.<\/p>\n\n\n\n<div class=\"wp-block-columns is-layout-flex wp-container-core-columns-is-layout-ae29533c wp-block-columns-is-layout-flex\" style=\"padding-top:var(--wp--preset--spacing--20);padding-bottom:var(--wp--preset--spacing--20)\">\n<div class=\"wp-block-column is-layout-flow wp-block-column-is-layout-flow\">\n<div class=\"wp-block-group has-accent-background-color has-background is-vertical is-content-justification-left is-layout-flex wp-container-core-group-is-layout-55968965 wp-block-group-is-layout-flex\" style=\"min-height:270px;padding-top:var(--wp--preset--spacing--20);padding-right:var(--wp--preset--spacing--20);padding-bottom:var(--wp--preset--spacing--20);padding-left:var(--wp--preset--spacing--20)\">\n<p class=\"has-text-align-left\"><strong>Warum sollten Sie sich f\u00fcr unsere Produkte entscheiden?<\/strong><\/p>\n\n\n\n<ul class=\"wp-block-list\">\n<li>Die F\u00e4higkeiten unseres Systems, die unterschiedliche Anforderungen an Genauigkeit und Projektbudget erf\u00fcllen.  <\/li>\n\n\n\n<li>Unsere Software erleichtert die Erstellung von Ausgaben dank schrittweiser Datenverarbeitung.  <\/li>\n\n\n\n<li>Wir bieten umfassende Schulungen und Support, damit Sie das Beste aus Ihrem System herausholen k\u00f6nnen.  <\/li>\n\n\n\n<li>Wir verwenden einen bew\u00e4hrten Workflow, um die Effizienz zu steigern und die Produktivit\u00e4t zu steigern.<\/li>\n<\/ul>\n<\/div>\n<\/div>\n\n\n\n<div class=\"wp-block-column is-layout-flow wp-block-column-is-layout-flow\">\n<div class=\"wp-block-group has-accent-background-color has-background is-vertical is-layout-flex wp-container-core-group-is-layout-fecbb13f wp-block-group-is-layout-flex\" style=\"min-height:270px;padding-top:var(--wp--preset--spacing--20);padding-right:var(--wp--preset--spacing--20);padding-bottom:var(--wp--preset--spacing--20);padding-left:var(--wp--preset--spacing--20)\">\n<p><strong>Was ist im Preis enthalten?<\/strong>  Jedes LiDAR-System enth\u00e4lt alles, was Sie zur Erfassung und Verarbeitung von LiDAR-Daten ben\u00f6tigen.<\/p>\n\n\n\n<ul class=\"wp-block-list\">\n<li>Die Hardware, die Sie ben\u00f6tigen, um Daten vor Ort zu sammeln.  <\/li>\n\n\n\n<li>Software zur initialen Datenverarbeitung  <\/li>\n\n\n\n<li>Umfassender Schulungs- und Arbeitsprozess f\u00fcr eine einfache und effektive Generierung von Ergebnissen.  <\/li>\n\n\n\n<li>Garantieservice und Firmware-Update<\/li>\n<\/ul>\n<\/div>\n<\/div>\n<\/div>\n<\/div>\n\n<div class=\"wp-block-group has-global-padding is-layout-constrained wp-block-group-is-layout-constrained\" style=\"padding-top:var(--wp--preset--spacing--20);padding-bottom:var(--wp--preset--spacing--20)\">\n<div class=\"wp-block-columns is-layout-flex wp-container-core-columns-is-layout-7fc3d43a wp-block-columns-is-layout-flex\">\n<div class=\"wp-block-column is-layout-flow wp-block-column-is-layout-flow\" style=\"flex-basis:60%\">\n<figure class=\"wp-block-image size-large is-style-outline\"><a href=\"https:\/\/skymove.sk\/de\/messsystem-gs-130x-dji-matrice-350\/\"><img decoding=\"async\" src=\"https:\/\/skymove.sk\/wp-content\/uploads\/2023\/10\/P3590947-scaled.jpg\" alt=\"\" style=\"aspect-ratio:3\/2;object-fit:cover\"\/><\/a><\/figure>\n<\/div>\n\n\n\n<div class=\"wp-block-column is-layout-flow wp-block-column-is-layout-flow\" style=\"flex-basis:40%\">\n<div class=\"wp-block-group is-vertical is-content-justification-left is-layout-flex wp-container-core-group-is-layout-47759e60 wp-block-group-is-layout-flex\">\n<h3 class=\"wp-block-heading black\"><a href=\"https:\/\/skymove.sk\/de\/messsystem-gs-130x-dji-matrice-350\/\">Messsystem GS-130X + DJI Matrice 350<\/a><\/h3>\n\n\n\n<p style=\"line-height:1.5\">Das Messsystem besteht aus einer Lidar-Einheit mit einer IMU, einem unbemannten Flugger\u00e4t, Zubeh\u00f6r zu dessen Betrieb und einer Bodenstation zur Datenerfassung beim Scannen, aber auch zur Erstellung von Kontrollmessungen oder anderen Aufgaben. Wir liefern das System gepr\u00fcft, kalibriert und sofort einsatzbereit. Das System kann sowohl unter hei\u00dfen als auch unter kalten Bedingungen eingesetzt werden.<\/p>\n\n\n\n<p>DJI M300\/M350 RTK mit kompletter Ausr\u00fcstung<br\/>GEOSUN GS 130X mit HESAI-Sensor und Zubeh\u00f6r<br\/>Bodenmessstation GEOS GPS GNSS MINI 10 mit Zubeh\u00f6r<\/p>\n\n\n\n<div class=\"wp-block-buttons is-content-justification-left is-layout-flex wp-container-core-buttons-is-layout-567c4637 wp-block-buttons-is-layout-flex\">\n<div class=\"wp-block-button is-style-accent\"><a class=\"wp-block-button__link wp-element-button\" href=\"https:\/\/skymove.sk\/de\/messsystem-gs-130x-dji-matrice-350\/\">Mehr anzeigen<\/a><\/div>\n\n\n\n<div class=\"wp-block-button is-style-fill\"><a class=\"wp-block-button__link wp-element-button\" href=\"https:\/\/skymove.sk\/de\/fordern-sie-ein-preisangebot-an\/\">Fordern Sie ein Preisangebot an<\/a><\/div>\n<\/div>\n<\/div>\n<\/div>\n<\/div>\n<\/div>\n\n<hr class=\"wp-block-separator has-text-color has-accent-color has-alpha-channel-opacity has-accent-background-color has-background is-style-bold\" style=\"margin-top:var(--wp--preset--spacing--50);margin-bottom:var(--wp--preset--spacing--50)\"\/>\n\n<div class=\"wp-block-group has-global-padding is-layout-constrained wp-container-core-group-is-layout-2a334cce wp-block-group-is-layout-constrained\" style=\"padding-top:var(--wp--preset--spacing--20);padding-bottom:var(--wp--preset--spacing--20)\">\n<div class=\"wp-block-columns is-layout-flex wp-container-core-columns-is-layout-549b0c86 wp-block-columns-is-layout-flex\">\n<div class=\"wp-block-column is-layout-flow wp-block-column-is-layout-flow\">\n<div class=\"wp-block-columns is-not-stacked-on-mobile is-layout-flex wp-container-core-columns-is-layout-658170e2 wp-block-columns-is-layout-flex\">\n<div class=\"wp-block-column is-layout-flow wp-container-core-column-is-layout-22223934 wp-block-column-is-layout-flow\" style=\"flex-basis:50%\">\n<figure class=\"wp-block-image size-large is-style-outline\"><a href=\"gs-260x\"><img decoding=\"async\" src=\"https:\/\/skymove.sk\/wp-content\/themes\/block\/assets\/images\/eshop\/gs260x.jpg\" alt=\"\" style=\"aspect-ratio:1;object-fit:cover\"\/><\/a><\/figure>\n\n\n\n<div class=\"wp-block-group is-vertical is-nowrap is-layout-flex wp-container-core-group-is-layout-027a86ef wp-block-group-is-layout-flex\">\n<h5 class=\"wp-block-heading\"><a href=\"gs-260x\">GS-260X<\/a><\/h5>\n\n\n\n<p>Ein fortschrittliches LiDAR-Tool f\u00fcr echte Profis. Geeignet f\u00fcr die Messung kurzer, aber auch gr\u00f6\u00dferer Distanzen ab einer H\u00f6he von bis zu 300m.<\/p>\n\n\n\n<div class=\"wp-block-buttons is-content-justification-left is-layout-flex wp-container-core-buttons-is-layout-567c4637 wp-block-buttons-is-layout-flex\">\n<div class=\"wp-block-button is-style-accent-small\"><a class=\"wp-block-button__link wp-element-button\" href=\"https:\/\/skymove.sk\/gs-260x\/\">Mehr anzeigen<\/a><\/div>\n<\/div>\n<\/div>\n<\/div>\n\n\n\n<div class=\"wp-block-column is-layout-flow wp-container-core-column-is-layout-22223934 wp-block-column-is-layout-flow\" style=\"flex-basis:50%\">\n<figure class=\"wp-block-image size-large is-style-outline\"><a href=\"gs-100c\"><img decoding=\"async\" src=\"https:\/\/skymove.sk\/wp-content\/themes\/block\/assets\/images\/eshop\/gs100c.jpg\" alt=\"\" style=\"aspect-ratio:1;object-fit:cover\"\/><\/a><\/figure>\n\n\n\n<div class=\"wp-block-group is-vertical is-nowrap is-layout-flex wp-container-core-group-is-layout-027a86ef wp-block-group-is-layout-flex\">\n<h5 class=\"wp-block-heading\"><a href=\"gs-100c\">GS-100C+<\/a><\/h5>\n\n\n\n<p>Grundlegende LiDAR-L\u00f6sung f\u00fcr Nahbereichsmessungen. Aufgrund seines g\u00fcnstigen Preises ist es sehr sparsam und sorgt f\u00fcr eine Punktewolke.<\/p>\n\n\n\n<div class=\"wp-block-buttons is-content-justification-left is-layout-flex wp-container-core-buttons-is-layout-567c4637 wp-block-buttons-is-layout-flex\">\n<div class=\"wp-block-button is-style-accent-small\"><a class=\"wp-block-button__link wp-element-button\" href=\"https:\/\/skymove.sk\/gs-100c\/\">Mehr anzeigen<\/a><\/div>\n<\/div>\n<\/div>\n<\/div>\n<\/div>\n<\/div>\n\n\n\n<div class=\"wp-block-column is-layout-flow wp-block-column-is-layout-flow\">\n<div class=\"wp-block-columns is-not-stacked-on-mobile is-layout-flex wp-container-core-columns-is-layout-658170e2 wp-block-columns-is-layout-flex\">\n<div class=\"wp-block-column is-layout-flow wp-container-core-column-is-layout-22223934 wp-block-column-is-layout-flow\" style=\"flex-basis:50%\">\n<figure class=\"wp-block-image size-large is-style-outline\"><a href=\"gs-100g\"><img decoding=\"async\" src=\"https:\/\/skymove.sk\/wp-content\/themes\/block\/assets\/images\/eshop\/gs100g.jpg\" alt=\"\" style=\"aspect-ratio:1;object-fit:cover\"\/><\/a><\/figure>\n\n\n\n<div class=\"wp-block-group is-vertical is-nowrap is-layout-flex wp-container-core-group-is-layout-027a86ef wp-block-group-is-layout-flex\">\n<h5 class=\"wp-block-heading\"><a href=\"gs-130x\">GS-100G<\/a><\/h5>\n\n\n\n<p>Hochwertiges Handheld-Scansystem: LiDAR-System, entwickelt f\u00fcr schnelles und effizientes SLAM-Scannen in der Stadt sowie im Wald.<\/p>\n\n\n\n<div class=\"wp-block-buttons is-content-justification-left is-layout-flex wp-container-core-buttons-is-layout-567c4637 wp-block-buttons-is-layout-flex\">\n<div class=\"wp-block-button is-style-accent-small\"><a class=\"wp-block-button__link wp-element-button\" href=\"\/?page_id=364\">Mehr anzeigen<\/a><\/div>\n<\/div>\n<\/div>\n<\/div>\n\n\n\n<div class=\"wp-block-column is-layout-flow wp-container-core-column-is-layout-22223934 wp-block-column-is-layout-flow\" style=\"flex-basis:50%\">\n<figure class=\"wp-block-image size-large is-style-outline\"><a href=\"https:\/\/skymove.sk\/gps-mini-10\/\"><img loading=\"lazy\" decoding=\"async\" width=\"1024\" height=\"928\" src=\"https:\/\/skymove.sk\/wp-content\/uploads\/2023\/09\/mini-10-1024x928.jpg\" alt=\"\" class=\"wp-image-549\" style=\"aspect-ratio:1;object-fit:cover\" srcset=\"https:\/\/skymove.sk\/wp-content\/uploads\/2023\/09\/mini-10-1024x928.jpg 1024w, https:\/\/skymove.sk\/wp-content\/uploads\/2023\/09\/mini-10-300x272.jpg 300w, https:\/\/skymove.sk\/wp-content\/uploads\/2023\/09\/mini-10-768x696.jpg 768w, https:\/\/skymove.sk\/wp-content\/uploads\/2023\/09\/mini-10.jpg 1055w\" sizes=\"auto, (max-width: 1024px) 100vw, 1024px\" \/><\/a><\/figure>\n\n\n\n<div class=\"wp-block-group is-vertical is-nowrap is-layout-flex wp-container-core-group-is-layout-027a86ef wp-block-group-is-layout-flex\">\n<h5 class=\"wp-block-heading\"><a href=\"gps-mini-10\">GPS GNSS MINI 10<\/a><\/h5>\n\n\n\n<p>N\u00fctzliche und kompakte Maschine. Diese Art von GPS-GNSS-Ger\u00e4t garantiert schnelle, flexible und zuverl\u00e4ssige Messungen im Feld.<\/p>\n\n\n\n<div class=\"wp-block-buttons is-content-justification-left is-layout-flex wp-container-core-buttons-is-layout-567c4637 wp-block-buttons-is-layout-flex\">\n<div class=\"wp-block-button is-style-accent-small\"><a class=\"wp-block-button__link wp-element-button\" href=\"https:\/\/skymove.sk\/gps-mini-10\/\">Mehr anzeigen<\/a><\/div>\n<\/div>\n<\/div>\n<\/div>\n<\/div>\n<\/div>\n<\/div>\n\n\n\n<div class=\"wp-block-columns is-layout-flex wp-container-core-columns-is-layout-549b0c86 wp-block-columns-is-layout-flex\">\n<div class=\"wp-block-column is-layout-flow wp-block-column-is-layout-flow\">\n<div class=\"wp-block-columns is-not-stacked-on-mobile is-layout-flex wp-container-core-columns-is-layout-658170e2 wp-block-columns-is-layout-flex\">\n<div class=\"wp-block-column is-layout-flow wp-container-core-column-is-layout-22223934 wp-block-column-is-layout-flow\" style=\"flex-basis:50%\">\n<figure class=\"wp-block-image size-full is-style-outline\"><a href=\"https:\/\/skymove.sk\/gs-260f\/\"><img loading=\"lazy\" decoding=\"async\" width=\"517\" height=\"518\" src=\"https:\/\/skymove.sk\/wp-content\/uploads\/2023\/11\/ps145225117-geosun_gairhawk_series_gs_260f_lidar_scanning_system_hesai_pandar_40p_rtk_model_power_line_inspection_high_accuracy.jpg\" alt=\"\" class=\"wp-image-2009\" style=\"aspect-ratio:1;object-fit:cover\" srcset=\"https:\/\/skymove.sk\/wp-content\/uploads\/2023\/11\/ps145225117-geosun_gairhawk_series_gs_260f_lidar_scanning_system_hesai_pandar_40p_rtk_model_power_line_inspection_high_accuracy.jpg 517w, https:\/\/skymove.sk\/wp-content\/uploads\/2023\/11\/ps145225117-geosun_gairhawk_series_gs_260f_lidar_scanning_system_hesai_pandar_40p_rtk_model_power_line_inspection_high_accuracy-300x300.jpg 300w, https:\/\/skymove.sk\/wp-content\/uploads\/2023\/11\/ps145225117-geosun_gairhawk_series_gs_260f_lidar_scanning_system_hesai_pandar_40p_rtk_model_power_line_inspection_high_accuracy-150x150.jpg 150w\" sizes=\"auto, (max-width: 517px) 100vw, 517px\" \/><\/a><\/figure>\n\n\n\n<div class=\"wp-block-group is-vertical is-nowrap is-layout-flex wp-container-core-group-is-layout-027a86ef wp-block-group-is-layout-flex\">\n<h5 class=\"wp-block-heading\"><a href=\"https:\/\/skymove.sk\/de\/gs-260f\/\" data-type=\"page\" data-id=\"2002\">GS-260F<\/a><\/h5>\n\n\n\n<p>Es kann schnell eine hochgenaue und klare Laserpunktwolke erhalten. 360\u00b0-Sichtfeld f\u00fcr einen gr\u00f6\u00dferen Scanbereich und eine h\u00f6here Betriebseffizienz.<\/p>\n\n\n\n<div class=\"wp-block-buttons is-content-justification-left is-layout-flex wp-container-core-buttons-is-layout-567c4637 wp-block-buttons-is-layout-flex\">\n<div class=\"wp-block-button is-style-accent-small\"><a class=\"wp-block-button__link wp-element-button\" href=\"https:\/\/skymove.sk\/gs-260f\/\">Mehr anzeigen<\/a><\/div>\n<\/div>\n<\/div>\n<\/div>\n\n\n\n<div class=\"wp-block-column is-layout-flow wp-container-core-column-is-layout-22223934 wp-block-column-is-layout-flow\" style=\"flex-basis:50%\">\n<figure class=\"wp-block-image size-full is-style-outline\"><a href=\"https:\/\/skymove.sk\/gs-2000n\/\"><img decoding=\"async\" src=\"https:\/\/skymove.sk\/wp-content\/uploads\/2023\/11\/1350N2_&#xA6;&#xA6;_&#xA6;&#xA6;-1021x1024-1.jpg\" alt=\"\" class=\"wp-image-1831\" style=\"aspect-ratio:1;object-fit:cover\"\/><\/a><\/figure>\n\n\n\n<div class=\"wp-block-group is-vertical is-nowrap is-layout-flex wp-container-core-group-is-layout-027a86ef wp-block-group-is-layout-flex\">\n<h5 class=\"wp-block-heading\"><a href=\"https:\/\/skymove.sk\/de\/gs-2000n\/\" data-type=\"page\" data-id=\"360\">GS-2000N<\/a><\/h5>\n\n\n\n<p>Die fortschrittlichste L\u00f6sung von GEOSUN. Lidar f\u00fcr die Datenerfassung auf gro\u00dfen Fl\u00e4chen, auch mit Flugzeugen. Ein effektives und genaues Werkzeug f\u00fcr die komplexesten Projekte.<\/p>\n\n\n\n<div class=\"wp-block-buttons is-content-justification-left is-layout-flex wp-container-core-buttons-is-layout-567c4637 wp-block-buttons-is-layout-flex\">\n<div class=\"wp-block-button is-style-accent-small\"><a class=\"wp-block-button__link wp-element-button\" href=\"https:\/\/skymove.sk\/gs-2000n\/\">Mehr anzeigen<\/a><\/div>\n<\/div>\n<\/div>\n<\/div>\n<\/div>\n<\/div>\n\n\n\n<div class=\"wp-block-column is-layout-flow wp-block-column-is-layout-flow\">\n<div class=\"wp-block-columns is-not-stacked-on-mobile is-layout-flex wp-container-core-columns-is-layout-658170e2 wp-block-columns-is-layout-flex\">\n<div class=\"wp-block-column is-layout-flow wp-container-core-column-is-layout-22223934 wp-block-column-is-layout-flow\" style=\"flex-basis:50%\">\n<figure class=\"wp-block-image size-full is-style-outline\"><a href=\"https:\/\/skymove.sk\/gs-100v\/\"><img decoding=\"async\" src=\"https:\/\/skymove.sk\/wp-content\/uploads\/2023\/11\/side_&#xA6;&#xA6;-1024x1024-1.jpg\" alt=\"\" class=\"wp-image-1825\" style=\"aspect-ratio:1;object-fit:cover\"\/><\/a><\/figure>\n\n\n\n<div class=\"wp-block-group is-vertical is-nowrap is-layout-flex wp-container-core-group-is-layout-027a86ef wp-block-group-is-layout-flex\">\n<h5 class=\"wp-block-heading\"><a href=\"https:\/\/skymove.sk\/de\/gs-100v\/\">GS-100V<\/a><\/h5>\n\n\n\n<p>Kompaktes, hochwertiges System zur Erfassung von Geodaten und Kurzstrecken-Punktwolken mit integriertem 16-Kanal-Laserscanner HESAI XT16.<\/p>\n\n\n\n<div class=\"wp-block-buttons is-content-justification-left is-layout-flex wp-container-core-buttons-is-layout-567c4637 wp-block-buttons-is-layout-flex\">\n<div class=\"wp-block-button is-style-accent-small\"><a class=\"wp-block-button__link wp-element-button\" href=\"https:\/\/skymove.sk\/gs-100v\/\">Mehr anzeigen<\/a><\/div>\n<\/div>\n<\/div>\n<\/div>\n\n\n\n<div class=\"wp-block-column is-layout-flow wp-container-core-column-is-layout-22223934 wp-block-column-is-layout-flow\" style=\"flex-basis:50%\">\n<figure class=\"wp-block-image size-full is-style-outline\"><a href=\"https:\/\/skymove.sk\/gs-130x\/\"><img decoding=\"async\" src=\"https:\/\/skymove.sk\/wp-content\/uploads\/2023\/11\/side-2_&#xA6;&#xA6;-1024x1024-1.jpg\" alt=\"\" class=\"wp-image-1828\" style=\"aspect-ratio:1;object-fit:cover\"\/><\/a><\/figure>\n\n\n\n<div class=\"wp-block-group is-vertical is-nowrap is-layout-flex wp-container-core-group-is-layout-027a86ef wp-block-group-is-layout-flex\">\n<h5 class=\"wp-block-heading\"><a href=\"https:\/\/skymove.sk\/de\/gs-130x\/\">GS-130X<\/a><\/h5>\n\n\n\n<p>Fortschrittliches und pr\u00e4zises LiDAR-Tool zur Messung von kurzen und l\u00e4ngeren Entfernungen mit dem hervorragenden 32-Kanal-HESAI XT32-Sensor. Eine bew\u00e4hrte und kosteng\u00fcnstige L\u00f6sung.<\/p>\n\n\n\n<div class=\"wp-block-buttons is-content-justification-left is-layout-flex wp-container-core-buttons-is-layout-567c4637 wp-block-buttons-is-layout-flex\">\n<div class=\"wp-block-button is-style-accent-small\"><a class=\"wp-block-button__link wp-element-button\" href=\"https:\/\/skymove.sk\/gs-130x\/\">Mehr anzeigen<\/a><\/div>\n<\/div>\n<\/div>\n<\/div>\n<\/div>\n<\/div>\n<\/div>\n\n\n\n<hr class=\"wp-block-separator has-text-color has-accent-color has-alpha-channel-opacity has-accent-background-color has-background is-style-bold\" style=\"margin-top:var(--wp--preset--spacing--50);margin-bottom:var(--wp--preset--spacing--50)\"\/>\n\n\n\n<div class=\"wp-block-columns is-not-stacked-on-mobile is-layout-flex wp-container-core-columns-is-layout-658170e2 wp-block-columns-is-layout-flex\">\n<div class=\"wp-block-column is-layout-flow wp-container-core-column-is-layout-22223934 wp-block-column-is-layout-flow\" style=\"flex-basis:50%\">\n<figure class=\"wp-block-image size-full is-style-outline\"><a href=\"https:\/\/skymove.sk\/bl100-pro\/\"><img loading=\"lazy\" decoding=\"async\" width=\"1920\" height=\"1080\" src=\"https:\/\/skymove.sk\/wp-content\/uploads\/2024\/02\/vlcsnap-2024-02-02-10h04m33s182.png\" alt=\"\" class=\"wp-image-2824\" style=\"aspect-ratio:1;object-fit:cover\" srcset=\"https:\/\/skymove.sk\/wp-content\/uploads\/2024\/02\/vlcsnap-2024-02-02-10h04m33s182.png 1920w, https:\/\/skymove.sk\/wp-content\/uploads\/2024\/02\/vlcsnap-2024-02-02-10h04m33s182-300x169.png 300w, https:\/\/skymove.sk\/wp-content\/uploads\/2024\/02\/vlcsnap-2024-02-02-10h04m33s182-1024x576.png 1024w, https:\/\/skymove.sk\/wp-content\/uploads\/2024\/02\/vlcsnap-2024-02-02-10h04m33s182-768x432.png 768w, https:\/\/skymove.sk\/wp-content\/uploads\/2024\/02\/vlcsnap-2024-02-02-10h04m33s182-1536x864.png 1536w\" sizes=\"auto, (max-width: 1920px) 100vw, 1920px\" \/><\/a><\/figure>\n\n\n\n<div class=\"wp-block-group is-vertical is-nowrap is-layout-flex wp-container-core-group-is-layout-027a86ef wp-block-group-is-layout-flex\">\n<h5 class=\"wp-block-heading\"><a href=\"https:\/\/skymove.sk\/de\/bl100-pro\/\" data-type=\"page\" data-id=\"2799\">BL100 Pro<\/a><\/h5>\n\n\n\n<p>Eine neue, innovative und erschwingliche L\u00f6sung f\u00fcr eine noch bessere photogrammetrische 3D-Datenerfassung, die von 5 Kameras in einem Geh\u00e4use bereitgestellt wird.<\/p>\n\n\n\n<div class=\"wp-block-buttons is-content-justification-left is-layout-flex wp-container-core-buttons-is-layout-567c4637 wp-block-buttons-is-layout-flex\">\n<div class=\"wp-block-button is-style-accent-small\"><a class=\"wp-block-button__link wp-element-button\" href=\"https:\/\/skymove.sk\/bl100-pro\/\">Mehr anzeigen<\/a><\/div>\n<\/div>\n<\/div>\n<\/div>\n\n\n\n<div class=\"wp-block-column is-layout-flow wp-container-core-column-is-layout-22223934 wp-block-column-is-layout-flow\" style=\"flex-basis:50%\">\n<figure class=\"wp-block-image size-full is-style-outline\"><a href=\"#\"><img loading=\"lazy\" decoding=\"async\" width=\"600\" height=\"338\" src=\"https:\/\/skymove.sk\/wp-content\/uploads\/2024\/02\/ABUIABACGAAgmbOGpAYooPby9QUwoAY4wgM600x600.jpg.webp\" alt=\"\" class=\"wp-image-2838\" style=\"aspect-ratio:1;object-fit:cover\" srcset=\"https:\/\/skymove.sk\/wp-content\/uploads\/2024\/02\/ABUIABACGAAgmbOGpAYooPby9QUwoAY4wgM600x600.jpg.webp 600w, https:\/\/skymove.sk\/wp-content\/uploads\/2024\/02\/ABUIABACGAAgmbOGpAYooPby9QUwoAY4wgM600x600.jpg-300x169.webp 300w\" sizes=\"auto, (max-width: 600px) 100vw, 600px\" \/><\/a><\/figure>\n\n\n\n<div class=\"wp-block-group is-vertical is-nowrap is-layout-flex wp-container-core-group-is-layout-027a86ef wp-block-group-is-layout-flex\">\n<h5 class=\"wp-block-heading\"><a href=\"#\" data-type=\"link\" data-id=\"skymove.sk\">BL6100 Xport<\/a><\/h5>\n\n\n\n<p>Eine st\u00e4rkere Version unserer L\u00f6sung f\u00fcr eine noch bessere photogrammetrische Datenerfassung, die von einer Vollformatkamera mit 61 Megapixeln in einem hochwertigen Geh\u00e4use bereitgestellt wird.<\/p>\n\n\n\n<div class=\"wp-block-buttons is-content-justification-left is-layout-flex wp-container-core-buttons-is-layout-567c4637 wp-block-buttons-is-layout-flex\">\n<div class=\"wp-block-button is-style-accent-small\"><a class=\"wp-block-button__link wp-element-button\" href=\"#\">Mehr anzeigen<\/a><\/div>\n<\/div>\n<\/div>\n<\/div>\n<\/div>\n\n\n\n<div class=\"wp-block-columns is-layout-flex wp-container-core-columns-is-layout-549b0c86 wp-block-columns-is-layout-flex\">\n<div class=\"wp-block-column is-layout-flow wp-block-column-is-layout-flow\"><\/div>\n<\/div>\n<\/div>\n","protected":false},"excerpt":{"rendered":"<p>Wir sind offizieller Distributor von GEOSUN und BLV Tech Produkten. Die LiDAR-Technologie ist ein Mess- und Fernerkundungsverfahren. Dank der Verwendung von Laserstrahlen kann es eine originalgetreue 3D-Umgebung abbilden und replizieren. Sein Einsatzbereich ist wirklich vielf\u00e4ltig. Es wird in vielen Branchen eingesetzt, in der Geod\u00e4sie, Geographie, Geomorphologie, Seismologie, Pr\u00e4zisionslandwirtschaft, Forstwirtschaft, Bergbau und Steinbr\u00fcche, Stra\u00dfen und Eisenbahnen, [&hellip;]<\/p>\n","protected":false},"author":1,"featured_media":0,"parent":0,"menu_order":0,"comment_status":"closed","ping_status":"closed","template":"","meta":{"advanced_seo_description":"","jetpack_seo_html_title":"","jetpack_seo_noindex":false,"footnotes":""},"class_list":["post-2980","page","type-page","status-publish","hentry"],"jetpack_shortlink":"https:\/\/wp.me\/Pfg0HK-M4","jetpack_sharing_enabled":true,"_links":{"self":[{"href":"https:\/\/skymove.sk\/de\/wp-json\/wp\/v2\/pages\/2980","targetHints":{"allow":["GET"]}}],"collection":[{"href":"https:\/\/skymove.sk\/de\/wp-json\/wp\/v2\/pages"}],"about":[{"href":"https:\/\/skymove.sk\/de\/wp-json\/wp\/v2\/types\/page"}],"author":[{"embeddable":true,"href":"https:\/\/skymove.sk\/de\/wp-json\/wp\/v2\/users\/1"}],"replies":[{"embeddable":true,"href":"https:\/\/skymove.sk\/de\/wp-json\/wp\/v2\/comments?post=2980"}],"version-history":[{"count":11,"href":"https:\/\/skymove.sk\/de\/wp-json\/wp\/v2\/pages\/2980\/revisions"}],"predecessor-version":[{"id":3325,"href":"https:\/\/skymove.sk\/de\/wp-json\/wp\/v2\/pages\/2980\/revisions\/3325"}],"wp:attachment":[{"href":"https:\/\/skymove.sk\/de\/wp-json\/wp\/v2\/media?parent=2980"}],"curies":[{"name":"wp","href":"https:\/\/api.w.org\/{rel}","templated":true}]}}