{"id":2970,"date":"2023-09-19T14:26:25","date_gmt":"2023-09-19T12:26:25","guid":{"rendered":"https:\/\/skymove.sk\/gps-gnss-mini-10\/"},"modified":"2024-09-23T01:15:13","modified_gmt":"2024-09-22T23:15:13","slug":"gps-mini-10","status":"publish","type":"page","link":"https:\/\/skymove.sk\/de\/gps-mini-10\/","title":{"rendered":"GPS GNSS MINI 10"},"content":{"rendered":"\n<div class=\"wp-block-group has-global-padding is-layout-constrained wp-container-core-group-is-layout-2a334cce wp-block-group-is-layout-constrained\" style=\"padding-top:var(--wp--preset--spacing--20);padding-bottom:var(--wp--preset--spacing--20)\">\n<div class=\"wp-block-group is-content-justification-space-between is-nowrap is-layout-flex wp-container-core-group-is-layout-68e5bc1b wp-block-group-is-layout-flex\">\n<h5 class=\"wp-block-heading\">Ein produktives und effizientes Werkzeug mit der M\u00f6glichkeit zur Messung mit geneigtem Stab<\/h5>\n<\/div>\n\n\n\n<div class=\"wp-block-group is-content-justification-space-between is-nowrap is-layout-flex wp-container-core-group-is-layout-c280757d wp-block-group-is-layout-flex\">\n<figure class=\"wp-block-gallery has-nested-images columns-default is-cropped wp-block-gallery-1 is-layout-flex wp-block-gallery-is-layout-flex\" style=\"padding-top:0;padding-right:0;padding-bottom:0;padding-left:0\">\n<figure data-wp-context=\"{&quot;imageId&quot;:&quot;69ecea6876994&quot;}\" data-wp-interactive=\"core\/image\" data-wp-key=\"69ecea6876994\" class=\"wp-block-image size-thumbnail is-style-thumbnail wp-lightbox-container\"><img loading=\"lazy\" decoding=\"async\" width=\"150\" height=\"150\" data-wp-class--hide=\"state.isContentHidden\" data-wp-class--show=\"state.isContentVisible\" data-wp-init=\"callbacks.setButtonStyles\" data-wp-on--click=\"actions.showLightbox\" data-wp-on--load=\"callbacks.setButtonStyles\" data-wp-on-window--resize=\"callbacks.setButtonStyles\" data-id=\"550\" src=\"https:\/\/skymove.sk\/wp-content\/uploads\/2023\/09\/mini-150x150.jpg\" alt=\"\" class=\"wp-image-550\"\/><button\n\t\t\tclass=\"lightbox-trigger\"\n\t\t\ttype=\"button\"\n\t\t\taria-haspopup=\"dialog\"\n\t\t\taria-label=\"Vergr\u00f6\u00dfern\"\n\t\t\tdata-wp-init=\"callbacks.initTriggerButton\"\n\t\t\tdata-wp-on--click=\"actions.showLightbox\"\n\t\t\tdata-wp-style--right=\"state.imageButtonRight\"\n\t\t\tdata-wp-style--top=\"state.imageButtonTop\"\n\t\t>\n\t\t\t<svg xmlns=\"http:\/\/www.w3.org\/2000\/svg\" width=\"12\" height=\"12\" fill=\"none\" viewBox=\"0 0 12 12\">\n\t\t\t\t<path fill=\"#fff\" d=\"M2 0a2 2 0 0 0-2 2v2h1.5V2a.5.5 0 0 1 .5-.5h2V0H2Zm2 10.5H2a.5.5 0 0 1-.5-.5V8H0v2a2 2 0 0 0 2 2h2v-1.5ZM8 12v-1.5h2a.5.5 0 0 0 .5-.5V8H12v2a2 2 0 0 1-2 2H8Zm2-12a2 2 0 0 1 2 2v2h-1.5V2a.5.5 0 0 0-.5-.5H8V0h2Z\" \/>\n\t\t\t<\/svg>\n\t\t<\/button><\/figure>\n\n\n\n<figure data-wp-context=\"{&quot;imageId&quot;:&quot;69ecea6877efd&quot;}\" data-wp-interactive=\"core\/image\" data-wp-key=\"69ecea6877efd\" class=\"wp-block-image size-thumbnail is-style-thumbnail wp-lightbox-container\"><img loading=\"lazy\" decoding=\"async\" width=\"150\" height=\"150\" data-wp-class--hide=\"state.isContentHidden\" data-wp-class--show=\"state.isContentVisible\" data-wp-init=\"callbacks.setButtonStyles\" data-wp-on--click=\"actions.showLightbox\" data-wp-on--load=\"callbacks.setButtonStyles\" data-wp-on-window--resize=\"callbacks.setButtonStyles\" data-id=\"554\" src=\"https:\/\/skymove.sk\/wp-content\/uploads\/2023\/09\/mini-10-1-150x150.jpg\" alt=\"\" class=\"wp-image-554\" style=\"aspect-ratio:3\/2;object-fit:cover\"\/><button\n\t\t\tclass=\"lightbox-trigger\"\n\t\t\ttype=\"button\"\n\t\t\taria-haspopup=\"dialog\"\n\t\t\taria-label=\"Vergr\u00f6\u00dfern\"\n\t\t\tdata-wp-init=\"callbacks.initTriggerButton\"\n\t\t\tdata-wp-on--click=\"actions.showLightbox\"\n\t\t\tdata-wp-style--right=\"state.imageButtonRight\"\n\t\t\tdata-wp-style--top=\"state.imageButtonTop\"\n\t\t>\n\t\t\t<svg xmlns=\"http:\/\/www.w3.org\/2000\/svg\" width=\"12\" height=\"12\" fill=\"none\" viewBox=\"0 0 12 12\">\n\t\t\t\t<path fill=\"#fff\" d=\"M2 0a2 2 0 0 0-2 2v2h1.5V2a.5.5 0 0 1 .5-.5h2V0H2Zm2 10.5H2a.5.5 0 0 1-.5-.5V8H0v2a2 2 0 0 0 2 2h2v-1.5ZM8 12v-1.5h2a.5.5 0 0 0 .5-.5V8H12v2a2 2 0 0 1-2 2H8Zm2-12a2 2 0 0 1 2 2v2h-1.5V2a.5.5 0 0 0-.5-.5H8V0h2Z\" \/>\n\t\t\t<\/svg>\n\t\t<\/button><\/figure>\n\n\n\n<figure data-wp-context=\"{&quot;imageId&quot;:&quot;69ecea687983d&quot;}\" data-wp-interactive=\"core\/image\" data-wp-key=\"69ecea687983d\" class=\"wp-block-image size-thumbnail is-style-thumbnail wp-lightbox-container\"><img loading=\"lazy\" decoding=\"async\" width=\"150\" height=\"150\" data-wp-class--hide=\"state.isContentHidden\" data-wp-class--show=\"state.isContentVisible\" data-wp-init=\"callbacks.setButtonStyles\" data-wp-on--click=\"actions.showLightbox\" data-wp-on--load=\"callbacks.setButtonStyles\" data-wp-on-window--resize=\"callbacks.setButtonStyles\" data-id=\"552\" src=\"https:\/\/skymove.sk\/wp-content\/uploads\/2023\/09\/mini-10-2-150x150.jpg\" alt=\"\" class=\"wp-image-552\"\/><button\n\t\t\tclass=\"lightbox-trigger\"\n\t\t\ttype=\"button\"\n\t\t\taria-haspopup=\"dialog\"\n\t\t\taria-label=\"Vergr\u00f6\u00dfern\"\n\t\t\tdata-wp-init=\"callbacks.initTriggerButton\"\n\t\t\tdata-wp-on--click=\"actions.showLightbox\"\n\t\t\tdata-wp-style--right=\"state.imageButtonRight\"\n\t\t\tdata-wp-style--top=\"state.imageButtonTop\"\n\t\t>\n\t\t\t<svg xmlns=\"http:\/\/www.w3.org\/2000\/svg\" width=\"12\" height=\"12\" fill=\"none\" viewBox=\"0 0 12 12\">\n\t\t\t\t<path fill=\"#fff\" d=\"M2 0a2 2 0 0 0-2 2v2h1.5V2a.5.5 0 0 1 .5-.5h2V0H2Zm2 10.5H2a.5.5 0 0 1-.5-.5V8H0v2a2 2 0 0 0 2 2h2v-1.5ZM8 12v-1.5h2a.5.5 0 0 0 .5-.5V8H12v2a2 2 0 0 1-2 2H8Zm2-12a2 2 0 0 1 2 2v2h-1.5V2a.5.5 0 0 0-.5-.5H8V0h2Z\" \/>\n\t\t\t<\/svg>\n\t\t<\/button><\/figure>\n<\/figure>\n<\/div>\n\n\n\n<figure class=\"wp-block-table is-style-stripes\"><table class=\"has-fixed-layout\"><tbody><tr><td>Genauigkeit<\/td><td><\/td><\/tr><tr><td>Dichte der Punkte<\/td><td><\/td><\/tr><tr><td>Abmessungen<\/td><td><\/td><\/tr><tr><td>Gewicht<\/td><td><\/td><\/tr><tr><td>Geschwindigkeit der Messung<\/td><td><\/td><\/tr><tr><td>Kamera<\/td><td><\/td><\/tr><\/tbody><\/table><\/figure>\n\n\n\n<p>Die integrierte IMU im GNSS-Empf\u00e4nger Geo mini 10 erfordert keine Kalibrierung und ist resistent gegen magnetische St\u00f6rungen, es ist ein produktives und effizientes Werkzeug mit der M\u00f6glichkeit der Messung mit einer geneigten Stab.<\/p>\n\n\n\n<div class=\"wp-block-columns is-layout-flex wp-container-core-columns-is-layout-ea69a204 wp-block-columns-is-layout-flex\">\n<div class=\"wp-block-column has-global-padding is-layout-constrained wp-block-column-is-layout-constrained\">\n<figure class=\"wp-block-image size-large\"><img decoding=\"async\" src=\"https:\/\/skymove.sk\/wp-content\/uploads\/2023\/09\/P1788428-1024x768.jpg\" alt=\"\" style=\"aspect-ratio:16\/9;object-fit:cover\"\/><\/figure>\n<\/div>\n\n\n\n<div class=\"wp-block-column has-global-padding is-layout-constrained wp-block-column-is-layout-constrained\">\n<figure class=\"wp-block-image size-large\"><img decoding=\"async\" src=\"https:\/\/skymove.sk\/wp-content\/uploads\/2023\/09\/P1277637-1024x768.jpg\" alt=\"\" style=\"aspect-ratio:16\/9;object-fit:cover\"\/><\/figure>\n<\/div>\n<\/div>\n\n\n\n<p style=\"line-height:1.5\">Diese Art von GPS-GNSS-Ger\u00e4t garantiert eine schnelle, flexible und zuverl\u00e4ssige Messung im Feld. Das Set besteht aus einem GNSS-Ger\u00e4t, einem Teleskop-Carbonstab, einem Controller mit Halterung, einer tragbaren Tasche, einem Ladeger\u00e4t, Kabeln und der Surpad-Software.<\/p>\n\n\n\n<ul class=\"wp-block-list\">\n<li>Es dient als BASISSTATION f\u00fcr Messungen beim Einsatz von LiDAR auf einer Drohne.<\/li>\n\n\n\n<li>IMU-Technologie &#8211; Messung mit geneigtem Auswurf ohne Kalibrierung<\/li>\n\n\n\n<li>Messung der Geschwindigkeit 5x pro Sekunde<\/li>\n\n\n\n<li>Kleine Gr\u00f6\u00dfe und geringes Gewicht, unterst\u00fctzt SKPOS, SmartNet, RTK, VRS<\/li>\n<\/ul>\n<\/div>\n","protected":false},"excerpt":{"rendered":"<p>Ein produktives und effizientes Werkzeug mit der M\u00f6glichkeit zur Messung mit geneigtem Stab Genauigkeit Dichte der Punkte Abmessungen Gewicht Geschwindigkeit der Messung Kamera Die integrierte IMU im GNSS-Empf\u00e4nger Geo mini 10 erfordert keine Kalibrierung und ist resistent gegen magnetische St\u00f6rungen, es ist ein produktives und effizientes Werkzeug mit der M\u00f6glichkeit der Messung mit einer geneigten [&hellip;]<\/p>\n","protected":false},"author":4,"featured_media":0,"parent":0,"menu_order":0,"comment_status":"closed","ping_status":"closed","template":"product","meta":{"advanced_seo_description":"","jetpack_seo_html_title":"","jetpack_seo_noindex":false,"footnotes":""},"class_list":["post-2970","page","type-page","status-publish","hentry"],"jetpack_shortlink":"https:\/\/wp.me\/Pfg0HK-LU","jetpack_sharing_enabled":true,"_links":{"self":[{"href":"https:\/\/skymove.sk\/de\/wp-json\/wp\/v2\/pages\/2970","targetHints":{"allow":["GET"]}}],"collection":[{"href":"https:\/\/skymove.sk\/de\/wp-json\/wp\/v2\/pages"}],"about":[{"href":"https:\/\/skymove.sk\/de\/wp-json\/wp\/v2\/types\/page"}],"author":[{"embeddable":true,"href":"https:\/\/skymove.sk\/de\/wp-json\/wp\/v2\/users\/4"}],"replies":[{"embeddable":true,"href":"https:\/\/skymove.sk\/de\/wp-json\/wp\/v2\/comments?post=2970"}],"version-history":[{"count":4,"href":"https:\/\/skymove.sk\/de\/wp-json\/wp\/v2\/pages\/2970\/revisions"}],"predecessor-version":[{"id":3320,"href":"https:\/\/skymove.sk\/de\/wp-json\/wp\/v2\/pages\/2970\/revisions\/3320"}],"wp:attachment":[{"href":"https:\/\/skymove.sk\/de\/wp-json\/wp\/v2\/media?parent=2970"}],"curies":[{"name":"wp","href":"https:\/\/api.w.org\/{rel}","templated":true}]}}