{"id":2962,"date":"2023-09-19T14:58:26","date_gmt":"2023-09-19T12:58:26","guid":{"rendered":"https:\/\/skymove.sk\/gs-260x\/"},"modified":"2024-09-23T01:25:03","modified_gmt":"2024-09-22T23:25:03","slug":"gs-260x","status":"publish","type":"page","link":"https:\/\/skymove.sk\/de\/gs-260x\/","title":{"rendered":"GS-260X"},"content":{"rendered":"\n<div class=\"wp-block-group has-global-padding is-layout-constrained wp-container-core-group-is-layout-2a334cce wp-block-group-is-layout-constrained\" style=\"padding-top:var(--wp--preset--spacing--20);padding-bottom:var(--wp--preset--spacing--20)\">\n<div class=\"wp-block-group is-content-justification-space-between is-nowrap is-layout-flex wp-container-core-group-is-layout-cb46ffcb wp-block-group-is-layout-flex\">\n<h5 class=\"wp-block-heading\">Das Profiwerkzeug f\u00fcr anspruchsvolle Aufgaben und hohe Pr\u00e4zision<\/h5>\n<\/div>\n\n\n\n<div class=\"wp-block-group is-nowrap is-layout-flex wp-container-core-group-is-layout-17c695da wp-block-group-is-layout-flex\">\n<figure class=\"wp-block-gallery has-nested-images columns-default is-cropped wp-block-gallery-1 is-layout-flex wp-block-gallery-is-layout-flex\" style=\"padding-top:0;padding-right:0;padding-bottom:0;padding-left:0\">\n<figure data-wp-context=\"{&quot;imageId&quot;:&quot;6a07e897e10c5&quot;}\" data-wp-interactive=\"core\/image\" data-wp-key=\"6a07e897e10c5\" class=\"wp-block-image size-thumbnail is-style-thumbnail wp-lightbox-container\"><img loading=\"lazy\" decoding=\"async\" width=\"150\" height=\"150\" data-wp-class--hide=\"state.isContentHidden\" data-wp-class--show=\"state.isContentVisible\" data-wp-init=\"callbacks.setButtonStyles\" data-wp-on--click=\"actions.showLightbox\" data-wp-on--load=\"callbacks.setButtonStyles\" data-wp-on-window--resize=\"callbacks.setButtonStyles\" data-id=\"2250\" src=\"https:\/\/skymove.sk\/wp-content\/uploads\/2023\/11\/ps145285735-geosun_gairhawk_series_gs_260x_uav_lidar_scanning_system_hesai_xtm2x_sensor-150x150.jpg\" alt=\"\" class=\"wp-image-2250\" srcset=\"https:\/\/skymove.sk\/wp-content\/uploads\/2023\/11\/ps145285735-geosun_gairhawk_series_gs_260x_uav_lidar_scanning_system_hesai_xtm2x_sensor-150x150.jpg 150w, https:\/\/skymove.sk\/wp-content\/uploads\/2023\/11\/ps145285735-geosun_gairhawk_series_gs_260x_uav_lidar_scanning_system_hesai_xtm2x_sensor-300x300.jpg 300w, https:\/\/skymove.sk\/wp-content\/uploads\/2023\/11\/ps145285735-geosun_gairhawk_series_gs_260x_uav_lidar_scanning_system_hesai_xtm2x_sensor-1024x1024.jpg 1024w, https:\/\/skymove.sk\/wp-content\/uploads\/2023\/11\/ps145285735-geosun_gairhawk_series_gs_260x_uav_lidar_scanning_system_hesai_xtm2x_sensor-768x768.jpg 768w, https:\/\/skymove.sk\/wp-content\/uploads\/2023\/11\/ps145285735-geosun_gairhawk_series_gs_260x_uav_lidar_scanning_system_hesai_xtm2x_sensor-1536x1536.jpg 1536w, https:\/\/skymove.sk\/wp-content\/uploads\/2023\/11\/ps145285735-geosun_gairhawk_series_gs_260x_uav_lidar_scanning_system_hesai_xtm2x_sensor-2048x2048.jpg 2048w\" sizes=\"auto, (max-width: 150px) 100vw, 150px\" \/><button\n\t\t\tclass=\"lightbox-trigger\"\n\t\t\ttype=\"button\"\n\t\t\taria-haspopup=\"dialog\"\n\t\t\taria-label=\"Vergr\u00f6\u00dfern\"\n\t\t\tdata-wp-init=\"callbacks.initTriggerButton\"\n\t\t\tdata-wp-on--click=\"actions.showLightbox\"\n\t\t\tdata-wp-style--right=\"state.imageButtonRight\"\n\t\t\tdata-wp-style--top=\"state.imageButtonTop\"\n\t\t>\n\t\t\t<svg xmlns=\"http:\/\/www.w3.org\/2000\/svg\" width=\"12\" height=\"12\" fill=\"none\" viewBox=\"0 0 12 12\">\n\t\t\t\t<path fill=\"#fff\" d=\"M2 0a2 2 0 0 0-2 2v2h1.5V2a.5.5 0 0 1 .5-.5h2V0H2Zm2 10.5H2a.5.5 0 0 1-.5-.5V8H0v2a2 2 0 0 0 2 2h2v-1.5ZM8 12v-1.5h2a.5.5 0 0 0 .5-.5V8H12v2a2 2 0 0 1-2 2H8Zm2-12a2 2 0 0 1 2 2v2h-1.5V2a.5.5 0 0 0-.5-.5H8V0h2Z\" \/>\n\t\t\t<\/svg>\n\t\t<\/button><\/figure>\n\n\n\n<figure data-wp-context=\"{&quot;imageId&quot;:&quot;6a07e897e1a88&quot;}\" data-wp-interactive=\"core\/image\" data-wp-key=\"6a07e897e1a88\" class=\"wp-block-image size-thumbnail is-style-thumbnail wp-lightbox-container\"><img loading=\"lazy\" decoding=\"async\" width=\"150\" height=\"150\" data-wp-class--hide=\"state.isContentHidden\" data-wp-class--show=\"state.isContentVisible\" data-wp-init=\"callbacks.setButtonStyles\" data-wp-on--click=\"actions.showLightbox\" data-wp-on--load=\"callbacks.setButtonStyles\" data-wp-on-window--resize=\"callbacks.setButtonStyles\" data-id=\"2253\" src=\"https:\/\/skymove.sk\/wp-content\/uploads\/2023\/11\/ps145285578-geosun_gairhawk_series_gs_260x_uav_lidar_scanning_system_hesai_xtm2x_sensor-150x150.jpg\" alt=\"\" class=\"wp-image-2253\" srcset=\"https:\/\/skymove.sk\/wp-content\/uploads\/2023\/11\/ps145285578-geosun_gairhawk_series_gs_260x_uav_lidar_scanning_system_hesai_xtm2x_sensor-150x150.jpg 150w, https:\/\/skymove.sk\/wp-content\/uploads\/2023\/11\/ps145285578-geosun_gairhawk_series_gs_260x_uav_lidar_scanning_system_hesai_xtm2x_sensor-300x300.jpg 300w, https:\/\/skymove.sk\/wp-content\/uploads\/2023\/11\/ps145285578-geosun_gairhawk_series_gs_260x_uav_lidar_scanning_system_hesai_xtm2x_sensor-1024x1022.jpg 1024w, https:\/\/skymove.sk\/wp-content\/uploads\/2023\/11\/ps145285578-geosun_gairhawk_series_gs_260x_uav_lidar_scanning_system_hesai_xtm2x_sensor-768x767.jpg 768w, https:\/\/skymove.sk\/wp-content\/uploads\/2023\/11\/ps145285578-geosun_gairhawk_series_gs_260x_uav_lidar_scanning_system_hesai_xtm2x_sensor-1536x1534.jpg 1536w, https:\/\/skymove.sk\/wp-content\/uploads\/2023\/11\/ps145285578-geosun_gairhawk_series_gs_260x_uav_lidar_scanning_system_hesai_xtm2x_sensor-2048x2045.jpg 2048w\" sizes=\"auto, (max-width: 150px) 100vw, 150px\" \/><button\n\t\t\tclass=\"lightbox-trigger\"\n\t\t\ttype=\"button\"\n\t\t\taria-haspopup=\"dialog\"\n\t\t\taria-label=\"Vergr\u00f6\u00dfern\"\n\t\t\tdata-wp-init=\"callbacks.initTriggerButton\"\n\t\t\tdata-wp-on--click=\"actions.showLightbox\"\n\t\t\tdata-wp-style--right=\"state.imageButtonRight\"\n\t\t\tdata-wp-style--top=\"state.imageButtonTop\"\n\t\t>\n\t\t\t<svg xmlns=\"http:\/\/www.w3.org\/2000\/svg\" width=\"12\" height=\"12\" fill=\"none\" viewBox=\"0 0 12 12\">\n\t\t\t\t<path fill=\"#fff\" d=\"M2 0a2 2 0 0 0-2 2v2h1.5V2a.5.5 0 0 1 .5-.5h2V0H2Zm2 10.5H2a.5.5 0 0 1-.5-.5V8H0v2a2 2 0 0 0 2 2h2v-1.5ZM8 12v-1.5h2a.5.5 0 0 0 .5-.5V8H12v2a2 2 0 0 1-2 2H8Zm2-12a2 2 0 0 1 2 2v2h-1.5V2a.5.5 0 0 0-.5-.5H8V0h2Z\" \/>\n\t\t\t<\/svg>\n\t\t<\/button><\/figure>\n\n\n\n<figure data-wp-context=\"{&quot;imageId&quot;:&quot;6a07e897e23d2&quot;}\" data-wp-interactive=\"core\/image\" data-wp-key=\"6a07e897e23d2\" class=\"wp-block-image size-thumbnail is-style-thumbnail wp-lightbox-container\"><img loading=\"lazy\" decoding=\"async\" width=\"150\" height=\"150\" data-wp-class--hide=\"state.isContentHidden\" data-wp-class--show=\"state.isContentVisible\" data-wp-init=\"callbacks.setButtonStyles\" data-wp-on--click=\"actions.showLightbox\" data-wp-on--load=\"callbacks.setButtonStyles\" data-wp-on-window--resize=\"callbacks.setButtonStyles\" data-id=\"2259\" src=\"https:\/\/skymove.sk\/wp-content\/uploads\/2023\/11\/ps145285580-geosun_gairhawk_series_gs_260x_uav_lidar_scanning_system_hesai_xtm2x_sensor-150x150.jpg\" alt=\"\" class=\"wp-image-2259\" srcset=\"https:\/\/skymove.sk\/wp-content\/uploads\/2023\/11\/ps145285580-geosun_gairhawk_series_gs_260x_uav_lidar_scanning_system_hesai_xtm2x_sensor-150x150.jpg 150w, https:\/\/skymove.sk\/wp-content\/uploads\/2023\/11\/ps145285580-geosun_gairhawk_series_gs_260x_uav_lidar_scanning_system_hesai_xtm2x_sensor-300x300.jpg 300w, https:\/\/skymove.sk\/wp-content\/uploads\/2023\/11\/ps145285580-geosun_gairhawk_series_gs_260x_uav_lidar_scanning_system_hesai_xtm2x_sensor-1024x1024.jpg 1024w, https:\/\/skymove.sk\/wp-content\/uploads\/2023\/11\/ps145285580-geosun_gairhawk_series_gs_260x_uav_lidar_scanning_system_hesai_xtm2x_sensor-768x768.jpg 768w, https:\/\/skymove.sk\/wp-content\/uploads\/2023\/11\/ps145285580-geosun_gairhawk_series_gs_260x_uav_lidar_scanning_system_hesai_xtm2x_sensor-1536x1536.jpg 1536w, https:\/\/skymove.sk\/wp-content\/uploads\/2023\/11\/ps145285580-geosun_gairhawk_series_gs_260x_uav_lidar_scanning_system_hesai_xtm2x_sensor-2048x2048.jpg 2048w\" sizes=\"auto, (max-width: 150px) 100vw, 150px\" \/><button\n\t\t\tclass=\"lightbox-trigger\"\n\t\t\ttype=\"button\"\n\t\t\taria-haspopup=\"dialog\"\n\t\t\taria-label=\"Vergr\u00f6\u00dfern\"\n\t\t\tdata-wp-init=\"callbacks.initTriggerButton\"\n\t\t\tdata-wp-on--click=\"actions.showLightbox\"\n\t\t\tdata-wp-style--right=\"state.imageButtonRight\"\n\t\t\tdata-wp-style--top=\"state.imageButtonTop\"\n\t\t>\n\t\t\t<svg xmlns=\"http:\/\/www.w3.org\/2000\/svg\" width=\"12\" height=\"12\" fill=\"none\" viewBox=\"0 0 12 12\">\n\t\t\t\t<path fill=\"#fff\" d=\"M2 0a2 2 0 0 0-2 2v2h1.5V2a.5.5 0 0 1 .5-.5h2V0H2Zm2 10.5H2a.5.5 0 0 1-.5-.5V8H0v2a2 2 0 0 0 2 2h2v-1.5ZM8 12v-1.5h2a.5.5 0 0 0 .5-.5V8H12v2a2 2 0 0 1-2 2H8Zm2-12a2 2 0 0 1 2 2v2h-1.5V2a.5.5 0 0 0-.5-.5H8V0h2Z\" \/>\n\t\t\t<\/svg>\n\t\t<\/button><\/figure>\n<\/figure>\n<\/div>\n\n\n\n<figure class=\"wp-block-table is-style-stripes\"><table class=\"has-fixed-layout\"><tbody><tr><td>Genauigkeit<\/td><td>1cm pro 100m<\/td><\/tr><tr><td>Dichte der Punkte<\/td><td>140 Punkte (100 m\/10 m\/s)<\/td><\/tr><tr><td>Abmessungen<\/td><td>13,6\/9,4\/9,1 cm<\/td><\/tr><tr><td>Gewicht<\/td><td>1kg<\/td><\/tr><tr><td>Geschwindigkeit der Messung<\/td><td>Drei Messergebnisse und 1.900.000 Punkte pro Sekunde<\/td><\/tr><tr><td>Kamera<\/td><td>Sony 26 MP<\/td><\/tr><\/tbody><\/table><\/figure>\n\n\n\n<p style=\"line-height:1.5\">Das GS-260X ist ein fortschrittliches Werkzeug f\u00fcr echte Profis. Dieser LiDAR eignet sich sowohl f\u00fcr die Messung kurzer als auch gr\u00f6\u00dferer Entfernungen aus einer H\u00f6he von bis zu 300 m. Der hervorragende und genaue HESAI XT M2X 32-Kanal-Sensor liefert eine hochwertige, farbige Punktwolke mit hoher Dichte. Es umfasst eine moderne POS-Einheit vom Typ 303. Das Tool wurde entwickelt, um Luftdrohnen und terrestrisches mobiles Scannen von einem Auto oder Schiff aus zu kombinieren.<\/p>\n\n\n\n<p class=\"has-text-align-left\">Es zeichnet sich durch eine hohe Durchdringung durch dichte Vegetation, Positions- und H\u00f6hengenauigkeit und mit der M\u00f6glichkeit der Anpassung an dreifache Echo-3-R\u00fcckl\u00e4ufe aus. Der GS-260X wird h\u00e4ufig in der Kartierungs- und Geod\u00e4sieindustrie, in der Forstwirtschaft, bei der \u00dcberwachung von Stromleitungen und in der Landwirtschaft eingesetzt und erleichtert die Datenerfassung \u00fcber gro\u00dfe Gebiete.<\/p>\n\n\n\n<div class=\"wp-block-columns is-layout-flex wp-container-core-columns-is-layout-ea69a204 wp-block-columns-is-layout-flex\">\n<div class=\"wp-block-column has-global-padding is-layout-constrained wp-block-column-is-layout-constrained\">\n<figure class=\"wp-block-image size-large\"><img decoding=\"async\" src=\"https:\/\/skymove.sk\/wp-content\/uploads\/2023\/09\/lidar1.jpg\" alt=\"\" style=\"aspect-ratio:16\/9;object-fit:cover\"\/><\/figure>\n<\/div>\n\n\n\n<div class=\"wp-block-column has-global-padding is-layout-constrained wp-block-column-is-layout-constrained\">\n<figure class=\"wp-block-image size-large\"><img decoding=\"async\" src=\"https:\/\/skymove.sk\/wp-content\/uploads\/2023\/09\/Snimka.jpg\" alt=\"\" style=\"aspect-ratio:16\/9;object-fit:cover\"\/><\/figure>\n<\/div>\n<\/div>\n\n\n\n<p style=\"line-height:1.5\">Diese Art von LiDAR kann im Bauwesen, bei der Passportisierung und bei der anspruchsvollen Kartierung von Waldfl\u00e4chen eingesetzt werden. Auch f\u00fcr die Kartierung von Netzkorridoren, Bauobjekten und Stra\u00dfennetzen geeignet. Entwickelt mit einem hochintegrierten Design mit l\u00e4ngerer Lebensdauer und einfacher Wartung. Lidar ist mit einem gSpin310 Kassensystem ausgestattet. Komfortable Bedienung mit schneller Montage und Demontage der Struktur. 360\u00b0-Sichtfeld f\u00fcr einen gr\u00f6\u00dferen Scanbereich und eine h\u00f6here Betriebseffizienz.<\/p>\n\n\n\n<ul class=\"wp-block-list\">\n<li>Verwendung f\u00fcr UAV, aber auch mobile Kartierung<\/li>\n\n\n\n<li>Kompatibel mit Planungssoftware<\/li>\n\n\n\n<li>Ein Werkzeug f\u00fcr anspruchsvolle Benutzer zu einem erschwinglichen Preis<\/li>\n\n\n\n<li>Liefert eine farbige Punktwolke in hoher Dichte und Pr\u00e4zision<\/li>\n<\/ul>\n<\/div>\n","protected":false},"excerpt":{"rendered":"<p>Das Profiwerkzeug f\u00fcr anspruchsvolle Aufgaben und hohe Pr\u00e4zision Genauigkeit 1cm pro 100m Dichte der Punkte 140 Punkte (100 m\/10 m\/s) Abmessungen 13,6\/9,4\/9,1 cm Gewicht 1kg Geschwindigkeit der Messung Drei Messergebnisse und 1.900.000 Punkte pro Sekunde Kamera Sony 26 MP Das GS-260X ist ein fortschrittliches Werkzeug f\u00fcr echte Profis. Dieser LiDAR eignet sich sowohl f\u00fcr die [&hellip;]<\/p>\n","protected":false},"author":4,"featured_media":0,"parent":0,"menu_order":0,"comment_status":"closed","ping_status":"closed","template":"product","meta":{"advanced_seo_description":"","jetpack_seo_html_title":"","jetpack_seo_noindex":false,"footnotes":""},"class_list":["post-2962","page","type-page","status-publish","hentry"],"jetpack_shortlink":"https:\/\/wp.me\/Pfg0HK-LM","jetpack_sharing_enabled":true,"_links":{"self":[{"href":"https:\/\/skymove.sk\/de\/wp-json\/wp\/v2\/pages\/2962","targetHints":{"allow":["GET"]}}],"collection":[{"href":"https:\/\/skymove.sk\/de\/wp-json\/wp\/v2\/pages"}],"about":[{"href":"https:\/\/skymove.sk\/de\/wp-json\/wp\/v2\/types\/page"}],"author":[{"embeddable":true,"href":"https:\/\/skymove.sk\/de\/wp-json\/wp\/v2\/users\/4"}],"replies":[{"embeddable":true,"href":"https:\/\/skymove.sk\/de\/wp-json\/wp\/v2\/comments?post=2962"}],"version-history":[{"count":6,"href":"https:\/\/skymove.sk\/de\/wp-json\/wp\/v2\/pages\/2962\/revisions"}],"predecessor-version":[{"id":3347,"href":"https:\/\/skymove.sk\/de\/wp-json\/wp\/v2\/pages\/2962\/revisions\/3347"}],"wp:attachment":[{"href":"https:\/\/skymove.sk\/de\/wp-json\/wp\/v2\/media?parent=2962"}],"curies":[{"name":"wp","href":"https:\/\/api.w.org\/{rel}","templated":true}]}}