{"id":2884,"date":"2024-02-02T10:40:45","date_gmt":"2024-02-02T09:40:45","guid":{"rendered":"https:\/\/skymove.sk\/bl100-pro\/"},"modified":"2024-03-07T14:39:03","modified_gmt":"2024-03-07T13:39:03","slug":"bl100-pro","status":"publish","type":"page","link":"https:\/\/skymove.sk\/de\/bl100-pro\/","title":{"rendered":"BL100 Pro"},"content":{"rendered":"\n<div class=\"wp-block-group has-global-padding is-layout-constrained wp-container-core-group-is-layout-2a334cce wp-block-group-is-layout-constrained\" style=\"padding-top:var(--wp--preset--spacing--20);padding-bottom:var(--wp--preset--spacing--20)\">\n<div class=\"wp-block-group is-content-justification-space-between is-nowrap is-layout-flex wp-container-core-group-is-layout-cb46ffcb wp-block-group-is-layout-flex\">\n<h5 class=\"wp-block-heading\">Hilfe bei der 3D-Raumdatenerfassung, 5-Linsen-Kamera<\/h5>\n\n\n\n<figure class=\"wp-block-image size-full is-resized\"><img loading=\"lazy\" decoding=\"async\" width=\"2187\" height=\"851\" src=\"https:\/\/skymove.sk\/wp-content\/uploads\/2024\/02\/logo.png\" alt=\"\" class=\"wp-image-2833\" style=\"width:auto;height:50px\" srcset=\"https:\/\/skymove.sk\/wp-content\/uploads\/2024\/02\/logo.png 2187w, https:\/\/skymove.sk\/wp-content\/uploads\/2024\/02\/logo-300x117.png 300w, https:\/\/skymove.sk\/wp-content\/uploads\/2024\/02\/logo-1024x398.png 1024w, https:\/\/skymove.sk\/wp-content\/uploads\/2024\/02\/logo-768x299.png 768w, https:\/\/skymove.sk\/wp-content\/uploads\/2024\/02\/logo-1536x598.png 1536w, https:\/\/skymove.sk\/wp-content\/uploads\/2024\/02\/logo-2048x797.png 2048w\" sizes=\"auto, (max-width: 2187px) 100vw, 2187px\" \/><\/figure>\n<\/div>\n\n\n\n<div class=\"wp-block-group is-nowrap is-layout-flex wp-container-core-group-is-layout-17c695da wp-block-group-is-layout-flex\">\n<figure class=\"wp-block-gallery has-nested-images columns-default is-cropped wp-block-gallery-1 is-layout-flex wp-block-gallery-is-layout-flex\" style=\"padding-top:0;padding-right:0;padding-bottom:0;padding-left:0\">\n<figure data-wp-context=\"{&quot;imageId&quot;:&quot;69ecea6877323&quot;}\" data-wp-interactive=\"core\/image\" data-wp-key=\"69ecea6877323\" class=\"wp-block-image size-thumbnail is-style-thumbnail wp-lightbox-container\"><img loading=\"lazy\" decoding=\"async\" width=\"150\" height=\"150\" data-wp-class--hide=\"state.isContentHidden\" data-wp-class--show=\"state.isContentVisible\" data-wp-init=\"callbacks.setButtonStyles\" data-wp-on--click=\"actions.showLightbox\" data-wp-on--load=\"callbacks.setButtonStyles\" data-wp-on-window--resize=\"callbacks.setButtonStyles\" data-id=\"2800\" src=\"https:\/\/skymove.sk\/wp-content\/uploads\/2024\/02\/DSC06823-150x150.jpg\" alt=\"\" class=\"wp-image-2800\" srcset=\"https:\/\/skymove.sk\/wp-content\/uploads\/2024\/02\/DSC06823-150x150.jpg 150w, https:\/\/skymove.sk\/wp-content\/uploads\/2024\/02\/DSC06823-300x300.jpg 300w, https:\/\/skymove.sk\/wp-content\/uploads\/2024\/02\/DSC06823-1024x1024.jpg 1024w, https:\/\/skymove.sk\/wp-content\/uploads\/2024\/02\/DSC06823-768x768.jpg 768w, https:\/\/skymove.sk\/wp-content\/uploads\/2024\/02\/DSC06823-1536x1536.jpg 1536w, https:\/\/skymove.sk\/wp-content\/uploads\/2024\/02\/DSC06823-2048x2048.jpg 2048w\" sizes=\"auto, (max-width: 150px) 100vw, 150px\" \/><button\n\t\t\tclass=\"lightbox-trigger\"\n\t\t\ttype=\"button\"\n\t\t\taria-haspopup=\"dialog\"\n\t\t\taria-label=\"Vergr\u00f6\u00dfern\"\n\t\t\tdata-wp-init=\"callbacks.initTriggerButton\"\n\t\t\tdata-wp-on--click=\"actions.showLightbox\"\n\t\t\tdata-wp-style--right=\"state.imageButtonRight\"\n\t\t\tdata-wp-style--top=\"state.imageButtonTop\"\n\t\t>\n\t\t\t<svg xmlns=\"http:\/\/www.w3.org\/2000\/svg\" width=\"12\" height=\"12\" fill=\"none\" viewBox=\"0 0 12 12\">\n\t\t\t\t<path fill=\"#fff\" d=\"M2 0a2 2 0 0 0-2 2v2h1.5V2a.5.5 0 0 1 .5-.5h2V0H2Zm2 10.5H2a.5.5 0 0 1-.5-.5V8H0v2a2 2 0 0 0 2 2h2v-1.5ZM8 12v-1.5h2a.5.5 0 0 0 .5-.5V8H12v2a2 2 0 0 1-2 2H8Zm2-12a2 2 0 0 1 2 2v2h-1.5V2a.5.5 0 0 0-.5-.5H8V0h2Z\" \/>\n\t\t\t<\/svg>\n\t\t<\/button><\/figure>\n\n\n\n<figure data-wp-context=\"{&quot;imageId&quot;:&quot;69ecea6878c9e&quot;}\" data-wp-interactive=\"core\/image\" data-wp-key=\"69ecea6878c9e\" class=\"wp-block-image size-thumbnail is-style-thumbnail wp-lightbox-container\"><img decoding=\"async\" data-wp-class--hide=\"state.isContentHidden\" data-wp-class--show=\"state.isContentVisible\" data-wp-init=\"callbacks.setButtonStyles\" data-wp-on--click=\"actions.showLightbox\" data-wp-on--load=\"callbacks.setButtonStyles\" data-wp-on-window--resize=\"callbacks.setButtonStyles\" data-id=\"2806\" src=\"https:\/\/skymove.sk\/wp-content\/uploads\/2024\/02\/BL100-Pro-11.png-&#x7684;&#x526F;&#x672C;-150x150.png\" alt=\"\" class=\"wp-image-2806\"\/><button\n\t\t\tclass=\"lightbox-trigger\"\n\t\t\ttype=\"button\"\n\t\t\taria-haspopup=\"dialog\"\n\t\t\taria-label=\"Vergr\u00f6\u00dfern\"\n\t\t\tdata-wp-init=\"callbacks.initTriggerButton\"\n\t\t\tdata-wp-on--click=\"actions.showLightbox\"\n\t\t\tdata-wp-style--right=\"state.imageButtonRight\"\n\t\t\tdata-wp-style--top=\"state.imageButtonTop\"\n\t\t>\n\t\t\t<svg xmlns=\"http:\/\/www.w3.org\/2000\/svg\" width=\"12\" height=\"12\" fill=\"none\" viewBox=\"0 0 12 12\">\n\t\t\t\t<path fill=\"#fff\" d=\"M2 0a2 2 0 0 0-2 2v2h1.5V2a.5.5 0 0 1 .5-.5h2V0H2Zm2 10.5H2a.5.5 0 0 1-.5-.5V8H0v2a2 2 0 0 0 2 2h2v-1.5ZM8 12v-1.5h2a.5.5 0 0 0 .5-.5V8H12v2a2 2 0 0 1-2 2H8Zm2-12a2 2 0 0 1 2 2v2h-1.5V2a.5.5 0 0 0-.5-.5H8V0h2Z\" \/>\n\t\t\t<\/svg>\n\t\t<\/button><\/figure>\n<\/figure>\n<\/div>\n\n\n\n<figure class=\"wp-block-table is-style-stripes\"><table class=\"has-fixed-layout\"><tbody><tr><td>Kapazit\u00e4t<\/td><td>1280 GB<\/td><\/tr><tr><td>Effektive Pixel<\/td><td>120 Mpx<\/td><\/tr><tr><td>Sensor<\/td><td>APS-C (23.5*15.6mm) Sony <\/td><\/tr><tr><td>Bildaufl\u00f6sung<\/td><td>3:2 (6000 \u00d7 4000)<\/td><\/tr><tr><td>Brennweite<\/td><td>Nadir: 25 mm Oblique: 35 mm<\/td><\/tr><tr><td>Parameter<\/td><td>122mm*122mm*105mm, 850g<\/td><\/tr><\/tbody><\/table><\/figure>\n\n\n\n<p style=\"line-height:1.5\">Wir pr\u00e4sentieren eine innovative und erschwingliche L\u00f6sung f\u00fcr eine noch bessere Erfassung 3D-photogrammetrischer Daten. Die BL100Pro-Kamera eignet sich f\u00fcr die Luftaufnahme und Kartierung gr\u00f6\u00dferer Gebiete, sowohl st\u00e4dtischer als auch l\u00e4ndlicher Umgebungen und W\u00e4lder. <\/p>\n\n\n\n<p>Die Kamera ist mit professionellen Objektiven aus Japan der Firma HOYA\u2122 ausgestattet. Jedes wird streng kontrolliert und mit Standardkalibrierungsparametern kalibriert, um beste Ergebnisse zu erzielen. Es unterst\u00fctzt die Integration und Kommunikationsverbindung mit DJI RTK, ist technisch an Drohnen der DJI M350- oder M300 RTK-Serie angepasst, erfasst pr\u00e4zise POS-Daten, \u200b\u200berh\u00f6ht die Arbeitseffizienz durch Reduzierung der Flugzeit und liefert vollwertige Ergebnisse in Form hochwertiger Fotos. <\/p>\n\n\n\n<div class=\"wp-block-columns is-layout-flex wp-container-core-columns-is-layout-ea69a204 wp-block-columns-is-layout-flex\">\n<div class=\"wp-block-column has-global-padding is-layout-constrained wp-block-column-is-layout-constrained\">\n<figure class=\"wp-block-image size-large\"><img loading=\"lazy\" decoding=\"async\" width=\"1024\" height=\"576\" src=\"https:\/\/skymove.sk\/wp-content\/uploads\/2024\/02\/BL100-Pro-05-1024x576.png\" alt=\"\" class=\"wp-image-2803\" style=\"aspect-ratio:16\/9;object-fit:cover\" srcset=\"https:\/\/skymove.sk\/wp-content\/uploads\/2024\/02\/BL100-Pro-05-1024x576.png 1024w, https:\/\/skymove.sk\/wp-content\/uploads\/2024\/02\/BL100-Pro-05-300x169.png 300w, https:\/\/skymove.sk\/wp-content\/uploads\/2024\/02\/BL100-Pro-05-768x432.png 768w, https:\/\/skymove.sk\/wp-content\/uploads\/2024\/02\/BL100-Pro-05-1536x864.png 1536w, https:\/\/skymove.sk\/wp-content\/uploads\/2024\/02\/BL100-Pro-05-2048x1152.png 2048w\" sizes=\"auto, (max-width: 1024px) 100vw, 1024px\" \/><\/figure>\n<\/div>\n\n\n\n<div class=\"wp-block-column has-global-padding is-layout-constrained wp-block-column-is-layout-constrained\">\n<figure class=\"wp-block-image size-large\"><img loading=\"lazy\" decoding=\"async\" width=\"1024\" height=\"576\" src=\"https:\/\/skymove.sk\/wp-content\/uploads\/2024\/02\/vlcsnap-2024-02-02-10h04m33s182-1024x576.png\" alt=\"\" class=\"wp-image-2824\" style=\"aspect-ratio:16\/9;object-fit:cover\" srcset=\"https:\/\/skymove.sk\/wp-content\/uploads\/2024\/02\/vlcsnap-2024-02-02-10h04m33s182-1024x576.png 1024w, https:\/\/skymove.sk\/wp-content\/uploads\/2024\/02\/vlcsnap-2024-02-02-10h04m33s182-300x169.png 300w, https:\/\/skymove.sk\/wp-content\/uploads\/2024\/02\/vlcsnap-2024-02-02-10h04m33s182-768x432.png 768w, https:\/\/skymove.sk\/wp-content\/uploads\/2024\/02\/vlcsnap-2024-02-02-10h04m33s182-1536x864.png 1536w, https:\/\/skymove.sk\/wp-content\/uploads\/2024\/02\/vlcsnap-2024-02-02-10h04m33s182.png 1920w\" sizes=\"auto, (max-width: 1024px) 100vw, 1024px\" \/><\/figure>\n<\/div>\n<\/div>\n\n\n\n<div class=\"wp-block-columns is-layout-flex wp-container-core-columns-is-layout-ea69a204 wp-block-columns-is-layout-flex\">\n<div class=\"wp-block-column has-global-padding is-layout-constrained wp-block-column-is-layout-constrained\">\n<figure class=\"wp-block-image size-large\"><img loading=\"lazy\" decoding=\"async\" width=\"1024\" height=\"576\" src=\"https:\/\/skymove.sk\/wp-content\/uploads\/2024\/02\/vlcsnap-2024-02-02-10h04m15s486-1024x576.png\" alt=\"\" class=\"wp-image-2827\" style=\"aspect-ratio:16\/9;object-fit:cover\" srcset=\"https:\/\/skymove.sk\/wp-content\/uploads\/2024\/02\/vlcsnap-2024-02-02-10h04m15s486-1024x576.png 1024w, https:\/\/skymove.sk\/wp-content\/uploads\/2024\/02\/vlcsnap-2024-02-02-10h04m15s486-300x169.png 300w, https:\/\/skymove.sk\/wp-content\/uploads\/2024\/02\/vlcsnap-2024-02-02-10h04m15s486-768x432.png 768w, https:\/\/skymove.sk\/wp-content\/uploads\/2024\/02\/vlcsnap-2024-02-02-10h04m15s486-1536x864.png 1536w, https:\/\/skymove.sk\/wp-content\/uploads\/2024\/02\/vlcsnap-2024-02-02-10h04m15s486.png 1920w\" sizes=\"auto, (max-width: 1024px) 100vw, 1024px\" \/><\/figure>\n<\/div>\n\n\n\n<div class=\"wp-block-column has-global-padding is-layout-constrained wp-block-column-is-layout-constrained\">\n<figure class=\"wp-block-image size-large\"><img loading=\"lazy\" decoding=\"async\" width=\"1024\" height=\"576\" src=\"https:\/\/skymove.sk\/wp-content\/uploads\/2024\/02\/vlcsnap-2024-02-02-10h02m53s717-1024x576.png\" alt=\"\" class=\"wp-image-2821\" style=\"aspect-ratio:16\/9;object-fit:cover\" srcset=\"https:\/\/skymove.sk\/wp-content\/uploads\/2024\/02\/vlcsnap-2024-02-02-10h02m53s717-1024x576.png 1024w, https:\/\/skymove.sk\/wp-content\/uploads\/2024\/02\/vlcsnap-2024-02-02-10h02m53s717-300x169.png 300w, https:\/\/skymove.sk\/wp-content\/uploads\/2024\/02\/vlcsnap-2024-02-02-10h02m53s717-768x432.png 768w, https:\/\/skymove.sk\/wp-content\/uploads\/2024\/02\/vlcsnap-2024-02-02-10h02m53s717-1536x864.png 1536w, https:\/\/skymove.sk\/wp-content\/uploads\/2024\/02\/vlcsnap-2024-02-02-10h02m53s717.png 1920w\" sizes=\"auto, (max-width: 1024px) 100vw, 1024px\" \/><\/figure>\n<\/div>\n<\/div>\n\n\n\n<p style=\"line-height:1.5\">Die Kamera ist mit einem OLED-HD-Farbbildschirm ausgestattet, der den Kamerastatus in Echtzeit anzeigen kann, einschlie\u00dflich der Temperatur des Kamerageh\u00e4uses, der verwendeten Verschlusszeiten, des Ausl\u00f6sesignals und der von jedem Objektiv aufgenommenen Bildnummer. Zum Schutz w\u00e4hrend des Fluges ist die Kamera in einem leichten und robusten Aluminiumgeh\u00e4use untergebracht.<\/p>\n\n\n\n<ul class=\"wp-block-list\">\n<li>erwendung f\u00fcr UAVs von DJI und VTOL<\/li>\n\n\n\n<li>Kompatibel mit Planungssoftware und steuerbar \u00fcber einen eigenen Kameraassistenten<\/li>\n\n\n\n<li>Ein Werkzeug f\u00fcr anspruchsvolle Anwender zu einem erschwinglichen Preis<\/li>\n\n\n\n<li>Es liefert Fotos f\u00fcr eine vollst\u00e4ndige und qualitativ hochwertige Punktwolke mit hoher Dichte und Genauigkeit<\/li>\n<\/ul>\n<\/div>\n","protected":false},"excerpt":{"rendered":"<p>Hilfe bei der 3D-Raumdatenerfassung, 5-Linsen-Kamera Kapazit\u00e4t 1280 GB Effektive Pixel 120 Mpx Sensor APS-C (23.5*15.6mm) Sony Bildaufl\u00f6sung 3:2 (6000 \u00d7 4000) Brennweite Nadir: 25 mm Oblique: 35 mm Parameter 122mm*122mm*105mm, 850g Wir pr\u00e4sentieren eine innovative und erschwingliche L\u00f6sung f\u00fcr eine noch bessere Erfassung 3D-photogrammetrischer Daten. Die BL100Pro-Kamera eignet sich f\u00fcr die Luftaufnahme und Kartierung gr\u00f6\u00dferer [&hellip;]<\/p>\n","protected":false},"author":4,"featured_media":0,"parent":0,"menu_order":0,"comment_status":"closed","ping_status":"closed","template":"product","meta":{"advanced_seo_description":"","jetpack_seo_html_title":"","jetpack_seo_noindex":false,"footnotes":""},"class_list":["post-2884","page","type-page","status-publish","hentry"],"jetpack_shortlink":"https:\/\/wp.me\/Pfg0HK-Kw","jetpack_sharing_enabled":true,"_links":{"self":[{"href":"https:\/\/skymove.sk\/de\/wp-json\/wp\/v2\/pages\/2884","targetHints":{"allow":["GET"]}}],"collection":[{"href":"https:\/\/skymove.sk\/de\/wp-json\/wp\/v2\/pages"}],"about":[{"href":"https:\/\/skymove.sk\/de\/wp-json\/wp\/v2\/types\/page"}],"author":[{"embeddable":true,"href":"https:\/\/skymove.sk\/de\/wp-json\/wp\/v2\/users\/4"}],"replies":[{"embeddable":true,"href":"https:\/\/skymove.sk\/de\/wp-json\/wp\/v2\/comments?post=2884"}],"version-history":[{"count":7,"href":"https:\/\/skymove.sk\/de\/wp-json\/wp\/v2\/pages\/2884\/revisions"}],"predecessor-version":[{"id":3038,"href":"https:\/\/skymove.sk\/de\/wp-json\/wp\/v2\/pages\/2884\/revisions\/3038"}],"wp:attachment":[{"href":"https:\/\/skymove.sk\/de\/wp-json\/wp\/v2\/media?parent=2884"}],"curies":[{"name":"wp","href":"https:\/\/api.w.org\/{rel}","templated":true}]}}